{"id":511,"date":"2014-12-10T10:24:03","date_gmt":"2014-12-10T09:24:03","guid":{"rendered":"http:\/\/www.agriturismo-valentini.it\/?page_id=511"},"modified":"2026-01-07T16:38:56","modified_gmt":"2026-01-07T15:38:56","slug":"preise-toskana-ferien","status":"publish","type":"page","link":"https:\/\/www.agriturismo-valentini.it\/de\/preise-toskana-ferien\/","title":{"rendered":"Preise"},"content":{"rendered":"<div class=\"row\">\n<div class=\"col-md-12\">\n<h3>Preise<\/h3>\n<table width=\"100%\">\n<tbody>\n<tr>\n<td height=\"40px\">&nbsp;<\/td>\n<td><strong>Nebensaison<\/strong><\/td>\n<td><strong>Zwischensaison<\/strong><\/td>\n<td><strong>Hochsaison<\/strong><\/td>\n<td><strong>Altissima&nbsp;Season<\/strong><\/td>\n<\/tr>\n<tr>\n<td height=\"60px\"><strong>IRIS<\/strong><\/td>\n<td>\u20ac 495 woche<br \/>\n\u20ac 75 tag<\/td>\n<td>\u20ac 585 woche<br \/>\n\u20ac 87 tag<\/td>\n<td>\u20ac 710 woche<\/td>\n<td>\u20ac 785 woche<\/td>\n<\/tr>\n<tr>\n<td height=\"60px\"><strong>PAPAVERO<\/strong><\/td>\n<td>\u20ac 575 woche<br \/>\n\u20ac87 tag<\/td>\n<td>\u20ac 790 woche<br \/>\n\u20ac 117 tag<\/td>\n<td>\u20ac 960 woche<\/td>\n<td>\u20ac 1065 woche<\/td>\n<\/tr>\n<tr>\n<td height=\"60px\"><strong>MIMOSA<\/strong><\/td>\n<td>\u20ac 575 woche<br \/>\n\u20ac 87 tag<\/td>\n<td>\u20ac 790 woche<br \/>\n\u20ac 117 tag<\/td>\n<td>\u20ac 960 woche<\/td>\n<td>\u20ac 1065 woche<\/td>\n<\/tr>\n<tr>\n<td height=\"60px\"><strong>FIORDALISO<\/strong><\/td>\n<td>\u20ac 835 woche<br \/>\n\u20ac 125 tag<\/td>\n<td>\u20ac 1030 woche<br \/>\n\u20ac 152 tag<\/td>\n<td>\u20ac 1320 woche<\/td>\n<td>\u20ac 1460 woche<\/td>\n<\/tr>\n<tr>\n<td height=\"60px\"><strong>GIRASOLE<\/strong><\/td>\n<td>\u20ac 620 woche<br \/>\n\u20ac 92 tag<\/td>\n<td>\u20ac 835 woche<br \/>\n\u20ac 125 tag<\/td>\n<td>\u20ac 1010 woche<\/td>\n<td>\u20ac 1160 woche<\/td>\n<\/tr>\n<tr>\n<td height=\"60px\"><strong>GLICINE<\/strong><\/td>\n<td>\u20ac 705 woche<br \/>\n\u20ac 105 tag<\/td>\n<td>\u20ac 915 woche<br \/>\n\u20ac 135 tag<\/td>\n<td>\u20ac 1090 woche<\/td>\n<td>\u20ac1250 woche<\/td>\n<\/tr>\n<\/tbody>\n<\/table>\n<p><strong>SEASONS<\/strong><\/p>\n<p>\u2013&nbsp;<strong>Sehr Hohe Saison:<\/strong> vom 08\/08\/2026 bis 22\/08\/2026<\/p>\n<p>\u2013&nbsp;<strong>Hochsaison:&nbsp;<\/strong>vom 18\/07\/2026 bis 08\/08\/2026; vom 22\/08\/2026 bis 29\/08\/2026<\/p>\n<p>\u2013 &nbsp;<strong>Zwischensaison:&nbsp;<\/strong>vom 20\/06\/2026 bis 18\/07\/2026; vom 29\/08\/2026 bis 05\/09\/2026<\/p>\n<p>\u2013&nbsp;<strong>Nebensaison:<\/strong>&nbsp;alle noch verbleibenden Zeitr\u00e4ume<br \/>\nHaustiere d\u00fcrfen mitgebracht werden. Aufpreis daf\u00fcr \u20ac 20,00 f\u00fcr die Endreinigung.<br \/>\nZu den Presien muss jeweils noch die von der Gemeinde Massa Marittima festgelegte KURTAXE hinzugef\u00fcgt werden.<\/p>\n<p>Bei einem Aufenthalt, von einer Nacht, wird es einen Zuschlag von 30% auf den Tagespreis.<\/p>\n<p><strong>MIETBEDINGUNGEN<\/strong><br \/>\nDie Mietpreise beinhalten: Bettw\u00e4sche und Handt\u00fccher mit w\u00f6chentlichem Wechsel, Nebenkosten (Wasser, Gas, Strom), K\u00fcchenger\u00e4te und Endreinigung.<\/p>\n<p>G\u00e4sten, die Haustiere mitbringen, wird ein Aufschlag von \u20ac 20,00 f\u00fcr die Endreinigung berechnet.<\/p>\n<p>Als Buchungsbest\u00e4tigung gilt eine Anzahlung von 30% des Mietpreises, die Restzahlung erfolgt direkt vor Ort bei Ankunft des Gastes.<\/p>\n<p>Check in : Von&nbsp; 16:00 Uhr, bis 22:00 Uhr<\/p>\n<p>Check out : Vor 10:00<\/p>\n<\/div>\n<\/div>\n","protected":false},"excerpt":{"rendered":"<p>Preise &nbsp; Nebensaison Zwischensaison Hochsaison Altissima&nbsp;Season IRIS \u20ac 495 woche \u20ac 75 tag \u20ac 585 woche \u20ac 87 tag \u20ac 710 woche \u20ac 785 woche PAPAVERO \u20ac 575 woche \u20ac87 tag \u20ac 790 woche \u20ac 117 tag \u20ac 960 woche \u20ac 1065 woche MIMOSA \u20ac 575 woche \u20ac 87 tag \u20ac 790 woche \u20ac 117&#8230;<\/p>\n","protected":false},"author":1,"featured_media":0,"parent":0,"menu_order":0,"comment_status":"open","ping_status":"open","template":"","meta":{"ngg_post_thumbnail":0},"_links":{"self":[{"href":"https:\/\/www.agriturismo-valentini.it\/de\/wp-json\/wp\/v2\/pages\/511"}],"collection":[{"href":"https:\/\/www.agriturismo-valentini.it\/de\/wp-json\/wp\/v2\/pages"}],"about":[{"href":"https:\/\/www.agriturismo-valentini.it\/de\/wp-json\/wp\/v2\/types\/page"}],"author":[{"embeddable":true,"href":"https:\/\/www.agriturismo-valentini.it\/de\/wp-json\/wp\/v2\/users\/1"}],"replies":[{"embeddable":true,"href":"https:\/\/www.agriturismo-valentini.it\/de\/wp-json\/wp\/v2\/comments?post=511"}],"version-history":[{"count":24,"href":"https:\/\/www.agriturismo-valentini.it\/de\/wp-json\/wp\/v2\/pages\/511\/revisions"}],"predecessor-version":[{"id":1368,"href":"https:\/\/www.agriturismo-valentini.it\/de\/wp-json\/wp\/v2\/pages\/511\/revisions\/1368"}],"wp:attachment":[{"href":"https:\/\/www.agriturismo-valentini.it\/de\/wp-json\/wp\/v2\/media?parent=511"}],"curies":[{"name":"wp","href":"https:\/\/api.w.org\/{rel}","templated":true}]}}