{"id":517,"date":"2014-12-10T11:15:50","date_gmt":"2014-12-10T10:15:50","guid":{"rendered":"http:\/\/www.agriturismo-valentini.it\/?page_id=517"},"modified":"2015-01-07T12:30:21","modified_gmt":"2015-01-07T11:30:21","slug":"agriturismo-toskana","status":"publish","type":"page","link":"https:\/\/www.agriturismo-valentini.it\/de\/agriturismo-toskana\/","title":{"rendered":"Agriturismo"},"content":{"rendered":"<h3>Agriturismo<\/h3>\n<div id=\"container-rotator\"><div class=\"easyRotatorWrapper\" align=\"center\">\r\n\r\n<!-- Begin DWUser_EasyRotator -->\r\n<script type=\"text\/javascript\" src=\"https:\/\/c520866.ssl.cf2.rackcdn.com\/1\/js\/easy_rotator.min.js\"><\/script>\r\n<div class=\"dwuserEasyRotator\" style=\"width: 100%; height: 400px; position:relative; text-align: left;\" data-erConfig=\"{autoplayEnabled:true, lpp:'102-105-108-101-58-47-47-47-67-58-47-85-115-101-114-115-47-65-103-114-105-116-117-114-105-115-109-111-47-68-111-99-117-109-101-110-116-115-47-69-97-115-121-82-111-116-97-116-111-114-80-114-101-118-105-101-119-47-112-114-101-118-105-101-119-95-115-119-102-115-47', wv:1}\" data-erName=\"appartamenti\" data-erResponsiveRatio=\"{16:12}\">\r\n\t<div data-ertype=\"content\" style=\"display: none;\"><ul data-erlabel=\"Main Category\">\r\n\t<li>\r\n\t\t<img class=\"main\" src=\"https:\/\/www.agriturismo-valentini.it\/wp-content\/uploads\/EasyRotatorStorage\/user-content\/erc_4_1417693435\/content\/assets\/IMG_7645per rotator-0.jpg\" \/>\r\n\t\t<img class=\"thumb\" src=\"https:\/\/www.agriturismo-valentini.it\/wp-content\/uploads\/EasyRotatorStorage\/user-content\/erc_4_1417693435\/content\/assets\/IMG_7645per rotator-0.jpg\" \/>\r\n\t<\/li>\r\n\t<li>\r\n\t\t<img class=\"main\" src=\"https:\/\/www.agriturismo-valentini.it\/wp-content\/uploads\/EasyRotatorStorage\/user-content\/erc_4_1417693435\/content\/assets\/piscina-agriturismo-0.jpg\" \/>\r\n\t\t<img class=\"thumb\" src=\"https:\/\/www.agriturismo-valentini.it\/wp-content\/uploads\/EasyRotatorStorage\/user-content\/erc_4_1417693435\/content\/assets\/piscina-agriturismo-0.jpg\" \/>\r\n\t<\/li>\r\n\t<li>\r\n\t\t<img class=\"main\" src=\"https:\/\/www.agriturismo-valentini.it\/wp-content\/uploads\/EasyRotatorStorage\/user-content\/erc_4_1417693435\/content\/assets\/IMG_7993-0.JPG\" \/>\r\n\t\t<img class=\"thumb\" src=\"https:\/\/www.agriturismo-valentini.it\/wp-content\/uploads\/EasyRotatorStorage\/user-content\/erc_4_1417693435\/content\/assets\/IMG_7993-0.JPG\" \/>\r\n\t<\/li>\r\n\t<li>\r\n\t\t<img class=\"main\" src=\"https:\/\/www.agriturismo-valentini.it\/wp-content\/uploads\/EasyRotatorStorage\/user-content\/erc_4_1417693435\/content\/assets\/gazebo-agriturismo-0.jpg\" \/>\r\n\t\t<img class=\"thumb\" src=\"https:\/\/www.agriturismo-valentini.it\/wp-content\/uploads\/EasyRotatorStorage\/user-content\/erc_4_1417693435\/content\/assets\/gazebo-agriturismo-0.jpg\" \/>\r\n\t<\/li>\r\n\t<li>\r\n\t\t<img class=\"main\" src=\"https:\/\/www.agriturismo-valentini.it\/wp-content\/uploads\/EasyRotatorStorage\/user-content\/erc_4_1417693435\/content\/assets\/IMG_7532-0.JPG\" \/>\r\n\t\t<img class=\"thumb\" src=\"https:\/\/www.agriturismo-valentini.it\/wp-content\/uploads\/EasyRotatorStorage\/user-content\/erc_4_1417693435\/content\/assets\/IMG_7532-0.JPG\" \/>\r\n\t<\/li>\r\n\t<li>\r\n\t\t<img class=\"main\" src=\"https:\/\/www.agriturismo-valentini.it\/wp-content\/uploads\/EasyRotatorStorage\/user-content\/erc_4_1417693435\/content\/assets\/vigna-0.jpg\" \/>\r\n\t\t<img class=\"thumb\" src=\"https:\/\/www.agriturismo-valentini.it\/wp-content\/uploads\/EasyRotatorStorage\/user-content\/erc_4_1417693435\/content\/assets\/vigna-0.jpg\" \/>\r\n\t<\/li>\r\n\t<li>\r\n\t\t<img class=\"main\" src=\"https:\/\/www.agriturismo-valentini.it\/wp-content\/uploads\/EasyRotatorStorage\/user-content\/erc_4_1417693435\/content\/assets\/animali-agriturismo-0.jpg\" \/>\r\n\t\t<img class=\"thumb\" src=\"https:\/\/www.agriturismo-valentini.it\/wp-content\/uploads\/EasyRotatorStorage\/user-content\/erc_4_1417693435\/content\/assets\/animali-agriturismo-0.jpg\" \/>\r\n\t<\/li>\r\n<\/ul>\r\n<\/div>\r\n\t<div data-ertype=\"layout\" data-ertemplateName=\"NONE\" style=\"\">\r\n\t\t\r\n\t\t<div class=\"erimgMain\" style=\"position: absolute; left:0;right:0;top:0;bottom:70px;\" data-erConfig=\"{___numTiles:3, scaleMode:'fillArea', imgType:'main', __loopNextButton:false, arrowButtonMode:'rollover'}\">\r\n\t\t\t<div class=\"erimgMain_slides\" style=\"position: absolute; left:0px; top:0; bottom:0; right:0px;\">\r\n\t\t\t\t<div class=\"erimgMain_slide\">\r\n\t\t\t\t\t<div class=\"erimgMain_img\" style=\"position: absolute; left: 0; right: 0; top: 0; bottom: 0;\"><\/div>\r\n\t\t\t\t\t<div class=\"erhideWhenNoText\" style=\"background: #000; background: rgba(0,0,0,0.85); position: absolute; left: 0; right: 0; bottom: 0; padding: 5px; color: #FFF; font-family: Arial; font-size: 12px;\">\r\n\t\t\t\t\t\t<p class=\"erimgMain_title\" style=\"padding: 0; margin: 0 0 3px 0; font-weight: bold;\"><\/p>\r\n\t\t\t\t\t\t<p class=\"erimgMain_desc\" style=\"padding: 0 0 10px 0; margin: 0;\"><\/p>\r\n\t\t\t\t\t<\/div>\r\n\t\t\t\t<\/div>\r\n\t\t\t<\/div>\r\n\t\t\t<div class=\"erimgMain_arrowLeft\" style=\"position:absolute; left: 10px; top: 50%; margin-top: -15px;\" data-erConfig=\"{image:'circleSmall', image2:'circleSmall'}\"><\/div>\r\n\t\t\t<div class=\"erimgMain_arrowRight\" style=\"position:absolute; right: 10px; top: 50%; margin-top: -15px;\"><\/div>\r\n\t\t<\/div>\r\n\t\t<div class=\"erimgMain rotatorTileNav\" style=\"position: absolute; left:0;right:0;bottom:0;height:80px;\" data-erConfig=\"{numTiles:-1, scaleMode:'fillArea', imgType:'thumb', loopNextButton:false, arrowButtonMode:'rollover', __slideLinkEvent:'rollover'}\">\r\n\t\t\t<div style=\"position: absolute; left: 0; top: 10px; right: 0; bottom: 0; background: #FFF;\"><\/div>\r\n\t\t\t<div class=\"erimgMain_slides\" style=\"position: absolute; left:0px; top:0; bottom:0; right:0px;\">\r\n\t\t\t\t<div class=\"erimgMain_slide\">\r\n\t\t\t\t\t<div class=\"erimgMain_img\" style=\"position: absolute; left: 0; right: 0; top: 10px; bottom: 0; margin: 2px 1px;\"><\/div>\r\n\t\t\t\t\t<!-- <div class=\"\" style=\"background: #555; position: absolute; left: 1px; right: 1px; top: 10px; bottom: 0; padding: 5px; color: #FFF; font-family: Arial; font-size: 12px; text-align: center;\">\r\n\t\t\t\t\t\t<p class=\"erimgMain_title\" style=\"padding: 5px; margin: 0 0 3px 0; font-weight: bold;\"><\/p>\r\n\t\t\t\t\t<\/div> -->\r\n\t\t\t\t\t<div class=\"selectionArrow visibleWhenSelected\" style=\"position: absolute; top: 0; left: 50%; margin-left: -10px; width: 20px; height: 10px; background-image: url('https:\/\/easyrotator.s3.amazonaws.com\/1\/i\/rotator\/FFF_arrow10_export.png');\"><\/div>\r\n\t\t\t\t<\/div>\r\n\t\t\t<\/div>\r\n\t\t\t<div class=\"erimgMain_arrowLeft\" style=\"position:absolute; left: 60px; top: 50%; margin-top: -10px;\" data-erConfig=\"{image:'circleSmall', image2:'circleSmall'}\"><\/div>\r\n\t\t\t<div class=\"erimgMain_arrowRight\" style=\"position:absolute; right: 60px; top: 50%; margin-top: -10px;\"><\/div>\r\n\t\t<\/div>\r\n\t\t\t\t\r\n\t\t\r\n\t\t<div class=\"erabout erFixCSS3\" style=\"color: #FFF; text-align: left; background: #000; background:rgba(0,0,0,0.93); border: 2px solid #FFF; padding: 20px; font: normal 11px\/14px Verdana,_sans; width: 300px; border-radius: 10px; display:none;\">\r\n\t\t\tThis jQuery slider was created with the free <a style=\"color:#FFF;\" href=\"#eraboutlink\" target=\"_blank\">EasyRotator for WordPress<\/a> plugin from DWUser.com.\r\n\t\t\t<br \/><br \/>\r\n\t\t\t<a style=\"color:#FFF;\" href=\"#\" class=\"erabout_ok\">OK<\/a>   \r\n\t\t<\/div>\r\n\t\t<noscript>\r\n\t\t\tRotator powered by <strong>EasyRotator for WordPress<\/strong>, a free and easy jQuery slider builder from DWUser.com.  Please enable JavaScript to view. \r\n\t\t<\/noscript>\r\n\t\t<script type=\"text\/javascript\">\/*Avoid IE gzip bug*\/(function(b,c,d){try{if(!b[d]){b[d]=\"temp\";var a=c.createElement(\"script\");a.type=\"text\/javascript\";a.src=\"https:\/\/easyrotator.s3.amazonaws.com\/1\/js\/nozip\/easy_rotator.min.js\";c.getElementsByTagName(\"head\")[0].appendChild(a)}}catch(e){alert(\"EasyRotator fail; contact support.\")}})(window,document,\"er_$144\");<\/script>\r\n\t\r\n\t<\/div>\r\n<\/div>\r\n<!-- End DWUser_EasyRotator -->\r\n\r\n\r\n\r\n\r\n\r\n\r\n\r\n\r\n\r\n<\/div><\/div>\n<p><strong>Der Agriturismo Valentini<\/strong> ist in den sanften H\u00fcgeln der <strong>Maremma gelegen<\/strong>, in der N\u00e4he des Dorfes Cura Nuova, etwa auf der H\u00e4lfte des Weges zwischen der sch\u00f6nen mittelalterlichen Stadt Massa Marittima und der spektakul\u00e4ren K\u00fcste des Golfs von Follonica.<br \/>\nDie extrem g\u00fcnstige Lage, <strong>die N\u00e4he zu wichtigen Einrichtungen<\/strong> (Gesch\u00e4fte in der N\u00e4he sind in ca. 4 km, Bar und Trattoria in ca. 1 km zu finden) und eine <strong>ruhige und friedliche Umgebung<\/strong> machen unseren Bauernhof zum idealen Reiseziel f\u00fcr Naturliebhaber, die unsere Freifl\u00e4chen und einen spektakul\u00e4ren <strong>Swimmingpool mit felsiger Umgebung<\/strong> genie\u00dfen k\u00f6nnen. Der Agriturismo ist auch ein idealer Ausgangspunkt f\u00fcr diejenigen, die Orte der k\u00fcnstlerischen und kulturellen Sehensw\u00fcrdigkeiten besuchen m\u00f6chten. Es ist leicht, an der K\u00fcste entlangzufahren, die Inseln des toscanische Archipels, Nationalparks, Standorte der etruskischen Arch\u00e4ologie und die ber\u00fchmten Kunstst\u00e4dte wie Siena, Volterra und Florenz, sowie die mittelalterlichen D\u00f6rfer der Toskana zu besuchen.<br \/>\nUnsere Wohnungen sind komplett von <strong>Azienda Agricola Valentini<\/strong> umgeben, mit seinen 20 Hektar Land. Hier wird produziert eine <strong>Reihe von Weinen<\/strong>, national und international mit zahlreichen Preisen anerkannt und <strong>Extra Vergine Oliven\u00f6l<\/strong>.<br \/>\nDie Freundlichkeit der Familie Valentini und die typische Landschaften der Toskana machen Ihren Aufenthalt unvergesslich.<br \/>\nWir sehen uns hier!<\/p>\n","protected":false},"excerpt":{"rendered":"<p>Agriturismo Der Agriturismo Valentini ist in den sanften H\u00fcgeln der Maremma gelegen, in der N\u00e4he des Dorfes Cura Nuova, etwa auf der H\u00e4lfte des Weges zwischen der sch\u00f6nen mittelalterlichen Stadt Massa Marittima und der spektakul\u00e4ren K\u00fcste des Golfs von Follonica. Die extrem g\u00fcnstige Lage, die N\u00e4he zu wichtigen Einrichtungen (Gesch\u00e4fte in der N\u00e4he sind in&#8230;<\/p>\n","protected":false},"author":1,"featured_media":0,"parent":0,"menu_order":0,"comment_status":"open","ping_status":"open","template":"","meta":{"ngg_post_thumbnail":0},"_links":{"self":[{"href":"https:\/\/www.agriturismo-valentini.it\/de\/wp-json\/wp\/v2\/pages\/517"}],"collection":[{"href":"https:\/\/www.agriturismo-valentini.it\/de\/wp-json\/wp\/v2\/pages"}],"about":[{"href":"https:\/\/www.agriturismo-valentini.it\/de\/wp-json\/wp\/v2\/types\/page"}],"author":[{"embeddable":true,"href":"https:\/\/www.agriturismo-valentini.it\/de\/wp-json\/wp\/v2\/users\/1"}],"replies":[{"embeddable":true,"href":"https:\/\/www.agriturismo-valentini.it\/de\/wp-json\/wp\/v2\/comments?post=517"}],"version-history":[{"count":1,"href":"https:\/\/www.agriturismo-valentini.it\/de\/wp-json\/wp\/v2\/pages\/517\/revisions"}],"predecessor-version":[{"id":518,"href":"https:\/\/www.agriturismo-valentini.it\/de\/wp-json\/wp\/v2\/pages\/517\/revisions\/518"}],"wp:attachment":[{"href":"https:\/\/www.agriturismo-valentini.it\/de\/wp-json\/wp\/v2\/media?parent=517"}],"curies":[{"name":"wp","href":"https:\/\/api.w.org\/{rel}","templated":true}]}}