{"id":521,"date":"2014-12-10T11:46:27","date_gmt":"2014-12-10T10:46:27","guid":{"rendered":"http:\/\/www.agriturismo-valentini.it\/?page_id=521"},"modified":"2023-01-30T09:48:32","modified_gmt":"2023-01-30T08:48:32","slug":"ferienwohnungen-in-toskana","status":"publish","type":"page","link":"https:\/\/www.agriturismo-valentini.it\/de\/ferienwohnungen-in-toskana\/","title":{"rendered":"Wohnungen"},"content":{"rendered":"<div class=\"row\">\n<div class=\"col-md-12\">\n<h3>Die Wohnungen<\/h3>\n<p>&nbsp;<\/p>\n<div class=\"col-md-3\"><a href=\"http:\/\/www.agriturismo-valentini.it\/de\/wohnungen-fiordaliso\"><img loading=\"lazy\" class=\"alignnone wp-image-760 size-full\" src=\"https:\/\/www.agriturismo-valentini.it\/wp-content\/uploads\/2015\/02\/appartamento-fiordaliso.jpg\" alt=\"appartamento-fiordaliso\" width=\"129\" height=\"85\" srcset=\"https:\/\/www.agriturismo-valentini.it\/wp-content\/uploads\/2015\/02\/appartamento-fiordaliso.jpg 129w, https:\/\/www.agriturismo-valentini.it\/wp-content\/uploads\/2015\/02\/appartamento-fiordaliso-128x85.jpg 128w\" sizes=\"(max-width: 129px) 100vw, 129px\" \/><\/a><\/div>\n<div class=\"col-md-3\"><a href=\"http:\/\/www.agriturismo-valentini.it\/de\/wohnungen-fiordaliso\">Wohnung Fiordaliso<\/a><\/div>\n<div class=\"col-md-3\"><a href=\"http:\/\/www.agriturismo-valentini.it\/de\/wohnungen-girasole\"><img loading=\"lazy\" class=\"alignnone wp-image-761 size-full\" src=\"https:\/\/www.agriturismo-valentini.it\/wp-content\/uploads\/2015\/02\/appartamento-girasole.jpg\" alt=\"appartamento-girasole\" width=\"129\" height=\"85\" srcset=\"https:\/\/www.agriturismo-valentini.it\/wp-content\/uploads\/2015\/02\/appartamento-girasole.jpg 129w, https:\/\/www.agriturismo-valentini.it\/wp-content\/uploads\/2015\/02\/appartamento-girasole-128x85.jpg 128w\" sizes=\"(max-width: 129px) 100vw, 129px\" \/><\/a><\/div>\n<div class=\"col-md-3\"><a href=\"http:\/\/www.agriturismo-valentini.it\/de\/wohnungen-girasole\">Wohnung Girasole<\/a><\/div>\n<\/div>\n<\/div>\n<div>&nbsp;<\/div>\n<div>&nbsp;<\/div>\n<div>&nbsp;<\/div>\n<div>&nbsp;<\/div>\n<div>&nbsp;<\/div>\n<div class=\"row\">\n<div class=\"col-md-12\">\n<div class=\"col-md-3\"><a href=\"http:\/\/www.agriturismo-valentini.it\/de\/wohnung-glicine\"><img loading=\"lazy\" class=\"alignnone wp-image-766 size-full\" src=\"https:\/\/www.agriturismo-valentini.it\/wp-content\/uploads\/2015\/02\/appartamento-glicine.jpg\" alt=\"appartamento-glicine\" width=\"129\" height=\"85\" srcset=\"https:\/\/www.agriturismo-valentini.it\/wp-content\/uploads\/2015\/02\/appartamento-glicine.jpg 129w, https:\/\/www.agriturismo-valentini.it\/wp-content\/uploads\/2015\/02\/appartamento-glicine-128x85.jpg 128w\" sizes=\"(max-width: 129px) 100vw, 129px\" \/><\/a><\/div>\n<div class=\"col-md-3\"><a href=\"http:\/\/www.agriturismo-valentini.it\/de\/wohnung-glicine\">Wohnung Glicine<\/a><\/div>\n<div class=\"col-md-3\"><a href=\"http:\/\/www.agriturismo-valentini.it\/de\/wohnung-iris\"><img loading=\"lazy\" class=\"alignnone wp-image-767 size-full\" src=\"https:\/\/www.agriturismo-valentini.it\/wp-content\/uploads\/2015\/02\/appartamento-iris.jpg\" alt=\"appartamento-iris\" width=\"129\" height=\"85\" srcset=\"https:\/\/www.agriturismo-valentini.it\/wp-content\/uploads\/2015\/02\/appartamento-iris.jpg 129w, https:\/\/www.agriturismo-valentini.it\/wp-content\/uploads\/2015\/02\/appartamento-iris-128x85.jpg 128w\" sizes=\"(max-width: 129px) 100vw, 129px\" \/><\/a><\/div>\n<div class=\"col-md-3\"><a href=\"http:\/\/www.agriturismo-valentini.it\/de\/wohnung-iris\">Wohnung Iris<\/a><\/div>\n<\/div>\n<\/div>\n<div>&nbsp;<\/div>\n<div>&nbsp;<\/div>\n<div>&nbsp;<\/div>\n<div>&nbsp;<\/div>\n<div class=\"row\">\n<div class=\"col-md-12\">\n<div class=\"col-md-3\"><a href=\"http:\/\/www.agriturismo-valentini.it\/de\/wohnung-mimosa\"><img loading=\"lazy\" class=\"alignnone wp-image-768 size-full\" src=\"https:\/\/www.agriturismo-valentini.it\/wp-content\/uploads\/2015\/02\/appartamento-mimosa.jpg\" alt=\"appartamento-mimosa\" width=\"129\" height=\"85\" srcset=\"https:\/\/www.agriturismo-valentini.it\/wp-content\/uploads\/2015\/02\/appartamento-mimosa.jpg 129w, https:\/\/www.agriturismo-valentini.it\/wp-content\/uploads\/2015\/02\/appartamento-mimosa-128x85.jpg 128w\" sizes=\"(max-width: 129px) 100vw, 129px\" \/><\/a><\/div>\n<div class=\"col-md-3\"><a href=\"http:\/\/www.agriturismo-valentini.it\/de\/wohnung-mimosa\">Wohnung Mimosa<\/a><\/div>\n<div class=\"col-md-3\"><a href=\"http:\/\/www.agriturismo-valentini.it\/de\/wohnung-papavero\"><img loading=\"lazy\" class=\"alignnone wp-image-769 size-full\" src=\"https:\/\/www.agriturismo-valentini.it\/wp-content\/uploads\/2015\/02\/appartamento-papavero.jpg\" alt=\"appartamento-papavero\" width=\"129\" height=\"85\" srcset=\"https:\/\/www.agriturismo-valentini.it\/wp-content\/uploads\/2015\/02\/appartamento-papavero.jpg 129w, https:\/\/www.agriturismo-valentini.it\/wp-content\/uploads\/2015\/02\/appartamento-papavero-128x85.jpg 128w\" sizes=\"(max-width: 129px) 100vw, 129px\" \/><\/a><\/div>\n<div class=\"col-md-3\"><a href=\"http:\/\/www.agriturismo-valentini.it\/de\/wohnung-papavero\">Wohnung Papavero<\/a><\/div>\n<p>&nbsp;<\/p>\n<p>&nbsp;<\/p>\n<p>&nbsp;<\/p>\n<p>Wir bieten unseren G\u00e4sten gem\u00fctliche und gut ausgestattete Wohnungen, umgeben von den Weinreben, Olivenhainen und dem jahrhundertalten Korkeichenwald.<\/p>\n<p>Die Wohnungen sind ger\u00e4umig, hell und frisch, sowie in typisch toskanischem Landhausstil eingerichtet. Jede Wohneinheit verf\u00fcgt \u00fcber eine Klimaanlage, TV-Sat und bietet eine moderne K\u00fcche mit Sp\u00fclmaschine, Ofen und K\u00fchlschrank mit Gefrierfach, sowie einen privaten, ausgestatteten Au\u00dfenbereich und Barbecue.<\/p>\n<p>Unseren G\u00e4sten stehen die unter&nbsp;<a href=\"http:\/\/www.agriturismo-valentini.it\/de\/agriturismo-toskana-swimmingpool\">AKTIVIT\u00c4TEN UND DIENSTLEISTUNGEN<\/a>&nbsp;aufgef\u00fchrten Dienstleistungen zur Verf\u00fcgung.<\/p>\n<div id=\"container-verde\"><a href=\"http:\/\/www.agriturismo-valentini.it\/de\/preise-toskana-ferien\">SEHEN PREISE UND KONDITIONEN<\/a><\/div>\n<p>&nbsp;<\/p>\n<\/div>\n<\/div>\n","protected":false},"excerpt":{"rendered":"<p>Die Wohnungen &nbsp; Wohnung Fiordaliso Wohnung Girasole &nbsp; &nbsp; &nbsp; &nbsp; &nbsp; Wohnung Glicine Wohnung Iris &nbsp; &nbsp; &nbsp; &nbsp; Wohnung Mimosa Wohnung Papavero &nbsp; &nbsp; &nbsp; Wir bieten unseren G\u00e4sten gem\u00fctliche und gut ausgestattete Wohnungen, umgeben von den Weinreben, Olivenhainen und dem jahrhundertalten Korkeichenwald. Die Wohnungen sind ger\u00e4umig, hell und frisch, sowie in typisch&#8230;<\/p>\n","protected":false},"author":1,"featured_media":0,"parent":0,"menu_order":0,"comment_status":"open","ping_status":"open","template":"","meta":{"ngg_post_thumbnail":0},"_links":{"self":[{"href":"https:\/\/www.agriturismo-valentini.it\/de\/wp-json\/wp\/v2\/pages\/521"}],"collection":[{"href":"https:\/\/www.agriturismo-valentini.it\/de\/wp-json\/wp\/v2\/pages"}],"about":[{"href":"https:\/\/www.agriturismo-valentini.it\/de\/wp-json\/wp\/v2\/types\/page"}],"author":[{"embeddable":true,"href":"https:\/\/www.agriturismo-valentini.it\/de\/wp-json\/wp\/v2\/users\/1"}],"replies":[{"embeddable":true,"href":"https:\/\/www.agriturismo-valentini.it\/de\/wp-json\/wp\/v2\/comments?post=521"}],"version-history":[{"count":4,"href":"https:\/\/www.agriturismo-valentini.it\/de\/wp-json\/wp\/v2\/pages\/521\/revisions"}],"predecessor-version":[{"id":1305,"href":"https:\/\/www.agriturismo-valentini.it\/de\/wp-json\/wp\/v2\/pages\/521\/revisions\/1305"}],"wp:attachment":[{"href":"https:\/\/www.agriturismo-valentini.it\/de\/wp-json\/wp\/v2\/media?parent=521"}],"curies":[{"name":"wp","href":"https:\/\/api.w.org\/{rel}","templated":true}]}}