{"id":528,"date":"2014-12-10T11:59:57","date_gmt":"2014-12-10T10:59:57","guid":{"rendered":"http:\/\/www.agriturismo-valentini.it\/?page_id=528"},"modified":"2026-01-12T10:40:04","modified_gmt":"2026-01-12T09:40:04","slug":"wohnungen-fiordaliso","status":"publish","type":"page","link":"https:\/\/www.agriturismo-valentini.it\/de\/wohnungen-fiordaliso\/","title":{"rendered":"Wohnungen Fiordaliso"},"content":{"rendered":"<div class=\"row\">\n<div class=\"col-md-12\">\n<h3>Wohnungen Fiordaliso<\/h3>\n<div id=\"container-rotator\">\n<div class=\"row\">\n<div class=\"col-md-12\">\n<div id=\"container-rotator\"><div id=\"twoj_slideshow_69e30639b6017\" class=\"twoj_slideshow\" data-auto=\"false\"  data-width=\"100%\" data-height=\"0\"  data-minwidth=\"300\" data-minheight=\"0\"  data-maxwidth=\"100%\" data-maxheight=\"0\"  data-ratio=\"800\/600\"  data-nav=\"dots\" data-allowfullscreen=\"true\"  data-arrows=\"true\"  data-keyboard=\"true\"  data-transition=\"slide\"  data-transitionduration=\"300\"  data-loop=\"1\"  data-autoplay=\"5000\"  data-stopautoplayontouch=\"true\"  data-fit=\"contain\"  data-margin=\"2\"  data-thumbmargin=\"2\"  data-thumbborderwidth=\"0\"  data-thumbwidth=\"120\"   data-thumbheight=\"60\" ><a  href=\"https:\/\/www.agriturismo-valentini.it\/wp-content\/uploads\/2022\/12\/esterno-fiordaliso.jpg\" ><img src=\"https:\/\/www.agriturismo-valentini.it\/wp-content\/uploads\/2022\/12\/esterno-fiordaliso-300x200.jpg\"  alt=\"esterno-fiordaliso\" width=\"300\" height=\"200\"><\/a><a  href=\"https:\/\/www.agriturismo-valentini.it\/wp-content\/uploads\/2022\/12\/fiordaliso-soggiorno.jpg\" ><img src=\"https:\/\/www.agriturismo-valentini.it\/wp-content\/uploads\/2022\/12\/fiordaliso-soggiorno-300x200.jpg\"  alt=\"fiordaliso-soggiorno\" width=\"300\" height=\"200\"><\/a><a  href=\"https:\/\/www.agriturismo-valentini.it\/wp-content\/uploads\/2022\/12\/fiordaliso-cucina.jpg\" ><img src=\"https:\/\/www.agriturismo-valentini.it\/wp-content\/uploads\/2022\/12\/fiordaliso-cucina-300x200.jpg\"  alt=\"fiordaliso-cucina\" width=\"300\" height=\"200\"><\/a><a  href=\"https:\/\/www.agriturismo-valentini.it\/wp-content\/uploads\/2022\/12\/fiordaliso-sala-pranzo.jpg\" ><img src=\"https:\/\/www.agriturismo-valentini.it\/wp-content\/uploads\/2022\/12\/fiordaliso-sala-pranzo-300x200.jpg\"  alt=\"fiordaliso-sala-pranzo\" width=\"300\" height=\"200\"><\/a><a  href=\"https:\/\/www.agriturismo-valentini.it\/wp-content\/uploads\/2022\/12\/fiordaliso-matrimoniale.jpg\" ><img src=\"https:\/\/www.agriturismo-valentini.it\/wp-content\/uploads\/2022\/12\/fiordaliso-matrimoniale-300x200.jpg\"  alt=\"fiordaliso-matrimoniale\" width=\"300\" height=\"200\"><\/a><a  href=\"https:\/\/www.agriturismo-valentini.it\/wp-content\/uploads\/2022\/12\/fiordaliso-camera-doppia.jpg\" ><img src=\"https:\/\/www.agriturismo-valentini.it\/wp-content\/uploads\/2022\/12\/fiordaliso-camera-doppia-300x200.jpg\"  alt=\"fiordaliso-camera-doppia\" width=\"300\" height=\"200\"><\/a><a  href=\"https:\/\/www.agriturismo-valentini.it\/wp-content\/uploads\/2022\/12\/fiordaliso-bagno.jpg\" ><img src=\"https:\/\/www.agriturismo-valentini.it\/wp-content\/uploads\/2022\/12\/fiordaliso-bagno-300x200.jpg\"  alt=\"fiordaliso-bagno\" width=\"300\" height=\"200\"><\/a><a  href=\"https:\/\/www.agriturismo-valentini.it\/wp-content\/uploads\/2022\/12\/esterno2-fiordaliso.jpg\" ><img src=\"https:\/\/www.agriturismo-valentini.it\/wp-content\/uploads\/2022\/12\/esterno2-fiordaliso-300x200.jpg\"  alt=\"esterno2-fiordaliso\" width=\"300\" height=\"200\"><\/a><\/div><div style=\"clear: both;\"><\/div><script>var twoj_slideshow_69e30639b6017 = {}, twoj_slideshow_69e30639b6017_css = \"\",\r\n\t\thead = document.head || document.getElementsByTagName(\"head\")[0],\r\n\t\tstyle = document.createElement(\"style\");\r\n\t\tstyle.type = \"text\/css\";\r\n\t\tif (style.styleSheet) style.styleSheet.cssText = twoj_slideshow_69e30639b6017_css;\r\n\t\t\telse  style.appendChild(document.createTextNode(twoj_slideshow_69e30639b6017_css));\r\n\t\thead.appendChild(style);<\/script><\/div>\n<\/div>\n<\/div>\n<\/div>\n<p>Kleines unabh\u00e4ngiges Haus mit Panoramablick zum Schwimmbad, \u00fcber den Garten und \u00fcber das umliegende Land.<br \/>\nSie besteht aus zwei Doppelzimmern, jedes mit Badezimmer mit Dusche.<br \/>\nDer Wohnbereich verf\u00fcgt \u00fcber eine Schlafcouch und einer K\u00fcche mit Sp\u00fclmaschine, Ofen und K\u00fchlschrank mit Gefrierfach.<br \/>\nDie Wohnung ist mit Klimaanlage und TV-Sat ausgestattet.<br \/>\nPrivater Au\u00dfenbereich mit Tisch, St\u00fchlen und Barbecue ausgestattet.<br \/>\nPersonen: 4+1<\/p>\n<div id=\"container-verde\"><a href=\"http:\/\/www.agriturismo-valentini.it\/de\/preise-toskana-ferien\">SEHEN PREISE UND KONDITIONEN<\/a><\/div>\n<p>&nbsp;<\/p>\n<\/div>\n<\/div>\n","protected":false},"excerpt":{"rendered":"<p>Wohnungen Fiordaliso Kleines unabh\u00e4ngiges Haus mit Panoramablick zum Schwimmbad, \u00fcber den Garten und \u00fcber das umliegende Land. Sie besteht aus zwei Doppelzimmern, jedes mit Badezimmer mit Dusche. Der Wohnbereich verf\u00fcgt \u00fcber eine Schlafcouch und einer K\u00fcche mit Sp\u00fclmaschine, Ofen und K\u00fchlschrank mit Gefrierfach. Die Wohnung ist mit Klimaanlage und TV-Sat ausgestattet. Privater Au\u00dfenbereich mit Tisch,&#8230;<\/p>\n","protected":false},"author":1,"featured_media":0,"parent":0,"menu_order":0,"comment_status":"open","ping_status":"open","template":"","meta":{"ngg_post_thumbnail":0},"_links":{"self":[{"href":"https:\/\/www.agriturismo-valentini.it\/de\/wp-json\/wp\/v2\/pages\/528"}],"collection":[{"href":"https:\/\/www.agriturismo-valentini.it\/de\/wp-json\/wp\/v2\/pages"}],"about":[{"href":"https:\/\/www.agriturismo-valentini.it\/de\/wp-json\/wp\/v2\/types\/page"}],"author":[{"embeddable":true,"href":"https:\/\/www.agriturismo-valentini.it\/de\/wp-json\/wp\/v2\/users\/1"}],"replies":[{"embeddable":true,"href":"https:\/\/www.agriturismo-valentini.it\/de\/wp-json\/wp\/v2\/comments?post=528"}],"version-history":[{"count":7,"href":"https:\/\/www.agriturismo-valentini.it\/de\/wp-json\/wp\/v2\/pages\/528\/revisions"}],"predecessor-version":[{"id":1449,"href":"https:\/\/www.agriturismo-valentini.it\/de\/wp-json\/wp\/v2\/pages\/528\/revisions\/1449"}],"wp:attachment":[{"href":"https:\/\/www.agriturismo-valentini.it\/de\/wp-json\/wp\/v2\/media?parent=528"}],"curies":[{"name":"wp","href":"https:\/\/api.w.org\/{rel}","templated":true}]}}