{"id":532,"date":"2014-12-10T12:04:29","date_gmt":"2014-12-10T11:04:29","guid":{"rendered":"http:\/\/www.agriturismo-valentini.it\/?page_id=532"},"modified":"2026-01-12T10:40:25","modified_gmt":"2026-01-12T09:40:25","slug":"wohnungen-girasole","status":"publish","type":"page","link":"https:\/\/www.agriturismo-valentini.it\/de\/wohnungen-girasole\/","title":{"rendered":"Wohnungen Girasole"},"content":{"rendered":"<div class=\"row\">\n<div class=\"col-md-12\">\n<h3>Wohnungen Girasole<\/h3>\n<div id=\"container-rotator\"><div id=\"twoj_slideshow_69e306543cf12\" class=\"twoj_slideshow\" data-auto=\"false\"  data-width=\"100%\" data-height=\"0\"  data-minwidth=\"300\" data-minheight=\"0\"  data-maxwidth=\"100%\" data-maxheight=\"0\"  data-ratio=\"800\/600\"  data-nav=\"dots\" data-allowfullscreen=\"true\"  data-arrows=\"true\"  data-keyboard=\"true\"  data-transition=\"slide\"  data-transitionduration=\"300\"  data-loop=\"1\"  data-autoplay=\"5000\"  data-stopautoplayontouch=\"true\"  data-fit=\"contain\"  data-margin=\"2\"  data-thumbmargin=\"2\"  data-thumbborderwidth=\"0\"  data-thumbwidth=\"120\"   data-thumbheight=\"60\" ><a  href=\"https:\/\/www.agriturismo-valentini.it\/wp-content\/uploads\/2020\/02\/appartamento-glicine.jpg\" ><img src=\"https:\/\/www.agriturismo-valentini.it\/wp-content\/uploads\/2020\/02\/appartamento-glicine-300x200.jpg\"  alt=\"appartamento-glicine\" width=\"300\" height=\"200\"><\/a><a  href=\"https:\/\/www.agriturismo-valentini.it\/wp-content\/uploads\/2026\/01\/girasole-2.jpg\" ><img src=\"https:\/\/www.agriturismo-valentini.it\/wp-content\/uploads\/2026\/01\/girasole-2-300x200.jpg\"  alt=\"girasole-2\" width=\"300\" height=\"200\"><\/a><a  href=\"https:\/\/www.agriturismo-valentini.it\/wp-content\/uploads\/2026\/01\/girasole-1.jpg\" ><img src=\"https:\/\/www.agriturismo-valentini.it\/wp-content\/uploads\/2026\/01\/girasole-1-300x200.jpg\"  alt=\"girasole-1\" width=\"300\" height=\"200\"><\/a><a  href=\"https:\/\/www.agriturismo-valentini.it\/wp-content\/uploads\/2026\/01\/girasole-3.jpg\" ><img src=\"https:\/\/www.agriturismo-valentini.it\/wp-content\/uploads\/2026\/01\/girasole-3-300x200.jpg\"  alt=\"girasole-3\" width=\"300\" height=\"200\"><\/a><a  href=\"https:\/\/www.agriturismo-valentini.it\/wp-content\/uploads\/2026\/01\/girasole-4.jpg\" ><img src=\"https:\/\/www.agriturismo-valentini.it\/wp-content\/uploads\/2026\/01\/girasole-4-300x200.jpg\"  alt=\"girasole-4\" width=\"300\" height=\"200\"><\/a><a  href=\"https:\/\/www.agriturismo-valentini.it\/wp-content\/uploads\/2026\/01\/girasole-7.jpg\" ><img src=\"https:\/\/www.agriturismo-valentini.it\/wp-content\/uploads\/2026\/01\/girasole-7-300x200.jpg\"  alt=\"girasole-7\" width=\"300\" height=\"200\"><\/a><a  href=\"https:\/\/www.agriturismo-valentini.it\/wp-content\/uploads\/2026\/01\/girasole-5.jpg\" ><img src=\"https:\/\/www.agriturismo-valentini.it\/wp-content\/uploads\/2026\/01\/girasole-5-300x200.jpg\"  alt=\"girasole-5\" width=\"300\" height=\"200\"><\/a><a  href=\"https:\/\/www.agriturismo-valentini.it\/wp-content\/uploads\/2020\/02\/appartamento-glicine-2.jpg\" ><img src=\"https:\/\/www.agriturismo-valentini.it\/wp-content\/uploads\/2020\/02\/appartamento-glicine-2-300x200.jpg\"  alt=\"appartamento-glicine-2\" width=\"300\" height=\"200\"><\/a><a  href=\"https:\/\/www.agriturismo-valentini.it\/wp-content\/uploads\/2026\/01\/girasole-8.jpg\" ><img src=\"https:\/\/www.agriturismo-valentini.it\/wp-content\/uploads\/2026\/01\/girasole-8-300x200.jpg\"  alt=\"girasole-8\" width=\"300\" height=\"200\"><\/a><a  href=\"https:\/\/www.agriturismo-valentini.it\/wp-content\/uploads\/2026\/01\/girasole-6.jpg\" ><img src=\"https:\/\/www.agriturismo-valentini.it\/wp-content\/uploads\/2026\/01\/girasole-6-300x200.jpg\"  alt=\"girasole-6\" width=\"300\" height=\"200\"><\/a><\/div><div style=\"clear: both;\"><\/div><script>var twoj_slideshow_69e306543cf12 = {}, twoj_slideshow_69e306543cf12_css = \"\",\r\n\t\thead = document.head || document.getElementsByTagName(\"head\")[0],\r\n\t\tstyle = document.createElement(\"style\");\r\n\t\tstyle.type = \"text\/css\";\r\n\t\tif (style.styleSheet) style.styleSheet.cssText = twoj_slideshow_69e306543cf12_css;\r\n\t\t\telse  style.appendChild(document.createTextNode(twoj_slideshow_69e306543cf12_css));\r\n\t\thead.appendChild(style);<\/script><\/div>\n<p>Dreizimmerwohnung im ersten Stockwerk mit Doppelzimmer, Zwei-Bett-Zimmer, Badezimmer mit Wanne und ger\u00e4umigem Wohnbereich.<br \/>\nDie moderne K\u00fcche bietet Sp\u00fclmschine, Ofen und K\u00fchlschrank mit Gefrierfach. Die Wohnung ist mit Klimaanlage und TV-Sat ausgestattet.<br \/>\nEine Au\u00dfenterrasse (in Gemeinschaft mit der Wohnung Glicine) mit Tisch, St\u00fchlen und Barbecue ausgestattet.<br \/>\nBlick auf den Innengarten und \u00fcber das gesamte Anwesen.<br \/>\nPersonen: 3+1<\/p>\n<div id=\"container-verde\"><a href=\"http:\/\/www.agriturismo-valentini.it\/de\/preise-toskana-ferien\">SEHEN PREISE UND KONDITIONEN<\/a><\/div>\n<p>&nbsp;<\/p>\n<\/div>\n<\/div>\n","protected":false},"excerpt":{"rendered":"<p>Wohnungen Girasole Dreizimmerwohnung im ersten Stockwerk mit Doppelzimmer, Zwei-Bett-Zimmer, Badezimmer mit Wanne und ger\u00e4umigem Wohnbereich. Die moderne K\u00fcche bietet Sp\u00fclmschine, Ofen und K\u00fchlschrank mit Gefrierfach. Die Wohnung ist mit Klimaanlage und TV-Sat ausgestattet. Eine Au\u00dfenterrasse (in Gemeinschaft mit der Wohnung Glicine) mit Tisch, St\u00fchlen und Barbecue ausgestattet. Blick auf den Innengarten und \u00fcber das gesamte&#8230;<\/p>\n","protected":false},"author":1,"featured_media":0,"parent":0,"menu_order":0,"comment_status":"open","ping_status":"open","template":"","meta":{"ngg_post_thumbnail":0},"_links":{"self":[{"href":"https:\/\/www.agriturismo-valentini.it\/de\/wp-json\/wp\/v2\/pages\/532"}],"collection":[{"href":"https:\/\/www.agriturismo-valentini.it\/de\/wp-json\/wp\/v2\/pages"}],"about":[{"href":"https:\/\/www.agriturismo-valentini.it\/de\/wp-json\/wp\/v2\/types\/page"}],"author":[{"embeddable":true,"href":"https:\/\/www.agriturismo-valentini.it\/de\/wp-json\/wp\/v2\/users\/1"}],"replies":[{"embeddable":true,"href":"https:\/\/www.agriturismo-valentini.it\/de\/wp-json\/wp\/v2\/comments?post=532"}],"version-history":[{"count":5,"href":"https:\/\/www.agriturismo-valentini.it\/de\/wp-json\/wp\/v2\/pages\/532\/revisions"}],"predecessor-version":[{"id":1450,"href":"https:\/\/www.agriturismo-valentini.it\/de\/wp-json\/wp\/v2\/pages\/532\/revisions\/1450"}],"wp:attachment":[{"href":"https:\/\/www.agriturismo-valentini.it\/de\/wp-json\/wp\/v2\/media?parent=532"}],"curies":[{"name":"wp","href":"https:\/\/api.w.org\/{rel}","templated":true}]}}