{"id":536,"date":"2014-12-10T12:14:36","date_gmt":"2014-12-10T11:14:36","guid":{"rendered":"http:\/\/www.agriturismo-valentini.it\/?page_id=536"},"modified":"2026-01-12T10:40:57","modified_gmt":"2026-01-12T09:40:57","slug":"wohnung-glicine","status":"publish","type":"page","link":"https:\/\/www.agriturismo-valentini.it\/de\/wohnung-glicine\/","title":{"rendered":"Wohnung Glicine"},"content":{"rendered":"<div class=\"row\">\n<div class=\"col-md-12\">\n<h3>Wohnung Glicine<\/h3>\n<div id=\"container-rotator\"><div id=\"twoj_slideshow_69e3065456fcf\" class=\"twoj_slideshow\" data-auto=\"false\"  data-width=\"100%\" data-height=\"0\"  data-minwidth=\"300\" data-minheight=\"0\"  data-maxwidth=\"100%\" data-maxheight=\"0\"  data-ratio=\"800\/600\"  data-nav=\"dots\" data-allowfullscreen=\"true\"  data-arrows=\"true\"  data-keyboard=\"true\"  data-transition=\"slide\"  data-transitionduration=\"300\"  data-loop=\"1\"  data-autoplay=\"5000\"  data-stopautoplayontouch=\"true\"  data-fit=\"contain\"  data-margin=\"2\"  data-thumbmargin=\"2\"  data-thumbborderwidth=\"0\"  data-thumbwidth=\"120\"   data-thumbheight=\"60\" ><a  href=\"https:\/\/www.agriturismo-valentini.it\/wp-content\/uploads\/2020\/02\/appartamento-glicine-2.jpg\" ><img src=\"https:\/\/www.agriturismo-valentini.it\/wp-content\/uploads\/2020\/02\/appartamento-glicine-2-300x200.jpg\"  alt=\"appartamento-glicine-2\" width=\"300\" height=\"200\"><\/a><a  href=\"https:\/\/www.agriturismo-valentini.it\/wp-content\/uploads\/2022\/12\/8-1.jpg\" ><img src=\"https:\/\/www.agriturismo-valentini.it\/wp-content\/uploads\/2022\/12\/8-1-300x200.jpg\"  alt=\"8\" width=\"300\" height=\"200\"><\/a><a  href=\"https:\/\/www.agriturismo-valentini.it\/wp-content\/uploads\/2022\/12\/5-1.jpg\" ><img src=\"https:\/\/www.agriturismo-valentini.it\/wp-content\/uploads\/2022\/12\/5-1-300x200.jpg\"  alt=\"5\" width=\"300\" height=\"200\"><\/a><a  href=\"https:\/\/www.agriturismo-valentini.it\/wp-content\/uploads\/2022\/12\/3-1.jpg\" ><img src=\"https:\/\/www.agriturismo-valentini.it\/wp-content\/uploads\/2022\/12\/3-1-300x200.jpg\"  alt=\"3\" width=\"300\" height=\"200\"><\/a><a  href=\"https:\/\/www.agriturismo-valentini.it\/wp-content\/uploads\/2022\/12\/7-1.jpg\" ><img src=\"https:\/\/www.agriturismo-valentini.it\/wp-content\/uploads\/2022\/12\/7-1-300x200.jpg\"  alt=\"7\" width=\"300\" height=\"200\"><\/a><a  href=\"https:\/\/www.agriturismo-valentini.it\/wp-content\/uploads\/2022\/12\/6-1.jpg\" ><img src=\"https:\/\/www.agriturismo-valentini.it\/wp-content\/uploads\/2022\/12\/6-1-300x200.jpg\"  alt=\"6\" width=\"300\" height=\"200\"><\/a><a  href=\"https:\/\/www.agriturismo-valentini.it\/wp-content\/uploads\/2022\/12\/1-1.jpg\" ><img src=\"https:\/\/www.agriturismo-valentini.it\/wp-content\/uploads\/2022\/12\/1-1-300x200.jpg\"  alt=\"1\" width=\"300\" height=\"200\"><\/a><a  href=\"https:\/\/www.agriturismo-valentini.it\/wp-content\/uploads\/2020\/02\/appartamento-glicine.jpg\" ><img src=\"https:\/\/www.agriturismo-valentini.it\/wp-content\/uploads\/2020\/02\/appartamento-glicine-300x200.jpg\"  alt=\"appartamento-glicine\" width=\"300\" height=\"200\"><\/a><a  href=\"https:\/\/www.agriturismo-valentini.it\/wp-content\/uploads\/2022\/12\/4-1.jpg\" ><img src=\"https:\/\/www.agriturismo-valentini.it\/wp-content\/uploads\/2022\/12\/4-1-300x200.jpg\"  alt=\"4\" width=\"300\" height=\"200\"><\/a><a  href=\"https:\/\/www.agriturismo-valentini.it\/wp-content\/uploads\/2022\/12\/2-1.jpg\" ><img src=\"https:\/\/www.agriturismo-valentini.it\/wp-content\/uploads\/2022\/12\/2-1-300x200.jpg\"  alt=\"2\" width=\"300\" height=\"200\"><\/a><\/div><div style=\"clear: both;\"><\/div><script>var twoj_slideshow_69e3065456fcf = {}, twoj_slideshow_69e3065456fcf_css = \"\",\r\n\t\thead = document.head || document.getElementsByTagName(\"head\")[0],\r\n\t\tstyle = document.createElement(\"style\");\r\n\t\tstyle.type = \"text\/css\";\r\n\t\tif (style.styleSheet) style.styleSheet.cssText = twoj_slideshow_69e3065456fcf_css;\r\n\t\t\telse  style.appendChild(document.createTextNode(twoj_slideshow_69e3065456fcf_css));\r\n\t\thead.appendChild(style);<\/script><\/div>\n<p>Dreizimmerwohnung im ersten Stockwerk mit zwei Doppelzimmern, Badezimmer mit Wanne und ger\u00e4umigem Wohnbereich.<br \/>\nDie moderne K\u00fcche bietet Sp\u00fclmschine, Ofen und K\u00fchlschrank mit Gefrierfach. Die Wohnung ist mit Klimaanlage und TV-Sat ausgestattet.<br \/>\nEine Au\u00dfenterrasse (in Gemeinschaft mit der Wohnung Girasole) mit Tisch, St\u00fchlen und Barbecue ausgestattet.<br \/>\nBlick auf den Innengarten und \u00fcber das gesamte Anwesen.<br \/>\nPersonen: 4+1<\/p>\n<div id=\"container-verde\"><a href=\"http:\/\/www.agriturismo-valentini.it\/de\/preise-toskana-ferien\">SEHEN PREISE UND KONDITIONEN<\/a><\/div>\n<p>&nbsp;<\/p>\n<\/div>\n<\/div>\n","protected":false},"excerpt":{"rendered":"<p>Wohnung Glicine Dreizimmerwohnung im ersten Stockwerk mit zwei Doppelzimmern, Badezimmer mit Wanne und ger\u00e4umigem Wohnbereich. Die moderne K\u00fcche bietet Sp\u00fclmschine, Ofen und K\u00fchlschrank mit Gefrierfach. Die Wohnung ist mit Klimaanlage und TV-Sat ausgestattet. Eine Au\u00dfenterrasse (in Gemeinschaft mit der Wohnung Girasole) mit Tisch, St\u00fchlen und Barbecue ausgestattet. Blick auf den Innengarten und \u00fcber das gesamte&#8230;<\/p>\n","protected":false},"author":1,"featured_media":0,"parent":0,"menu_order":0,"comment_status":"open","ping_status":"open","template":"","meta":{"ngg_post_thumbnail":0},"_links":{"self":[{"href":"https:\/\/www.agriturismo-valentini.it\/de\/wp-json\/wp\/v2\/pages\/536"}],"collection":[{"href":"https:\/\/www.agriturismo-valentini.it\/de\/wp-json\/wp\/v2\/pages"}],"about":[{"href":"https:\/\/www.agriturismo-valentini.it\/de\/wp-json\/wp\/v2\/types\/page"}],"author":[{"embeddable":true,"href":"https:\/\/www.agriturismo-valentini.it\/de\/wp-json\/wp\/v2\/users\/1"}],"replies":[{"embeddable":true,"href":"https:\/\/www.agriturismo-valentini.it\/de\/wp-json\/wp\/v2\/comments?post=536"}],"version-history":[{"count":4,"href":"https:\/\/www.agriturismo-valentini.it\/de\/wp-json\/wp\/v2\/pages\/536\/revisions"}],"predecessor-version":[{"id":1451,"href":"https:\/\/www.agriturismo-valentini.it\/de\/wp-json\/wp\/v2\/pages\/536\/revisions\/1451"}],"wp:attachment":[{"href":"https:\/\/www.agriturismo-valentini.it\/de\/wp-json\/wp\/v2\/media?parent=536"}],"curies":[{"name":"wp","href":"https:\/\/api.w.org\/{rel}","templated":true}]}}