{"id":542,"date":"2014-12-10T12:19:41","date_gmt":"2014-12-10T11:19:41","guid":{"rendered":"http:\/\/www.agriturismo-valentini.it\/?page_id=542"},"modified":"2026-01-12T10:41:23","modified_gmt":"2026-01-12T09:41:23","slug":"wohnung-iris","status":"publish","type":"page","link":"https:\/\/www.agriturismo-valentini.it\/de\/wohnung-iris\/","title":{"rendered":"Wohnung Iris"},"content":{"rendered":"<div class=\"row\">\n<div class=\"col-md-12\">\n<h3>Wohnung Iris<\/h3>\n<div id=\"container-rotator\"><div id=\"twoj_slideshow_69e306787c9c0\" class=\"twoj_slideshow\" data-auto=\"false\"  data-width=\"100%\" data-height=\"0\"  data-minwidth=\"300\" data-minheight=\"0\"  data-maxwidth=\"100%\" data-maxheight=\"0\"  data-ratio=\"800\/600\"  data-nav=\"dots\" data-allowfullscreen=\"true\"  data-arrows=\"true\"  data-keyboard=\"true\"  data-transition=\"slide\"  data-transitionduration=\"300\"  data-loop=\"1\"  data-autoplay=\"5000\"  data-stopautoplayontouch=\"true\"  data-fit=\"contain\"  data-margin=\"2\"  data-thumbmargin=\"2\"  data-thumbborderwidth=\"0\"  data-thumbwidth=\"120\"   data-thumbheight=\"60\" ><a  href=\"https:\/\/www.agriturismo-valentini.it\/wp-content\/uploads\/2022\/12\/iris-esterno2.jpg\" ><img src=\"https:\/\/www.agriturismo-valentini.it\/wp-content\/uploads\/2022\/12\/iris-esterno2-300x196.jpg\"  alt=\"iris-esterno2\" width=\"300\" height=\"196\"><\/a><a  href=\"https:\/\/www.agriturismo-valentini.it\/wp-content\/uploads\/2022\/12\/iris-1.jpg\" ><img src=\"https:\/\/www.agriturismo-valentini.it\/wp-content\/uploads\/2022\/12\/iris-1-300x200.jpg\"  alt=\"iris-1\" width=\"300\" height=\"200\"><\/a><a  href=\"https:\/\/www.agriturismo-valentini.it\/wp-content\/uploads\/2022\/12\/iris-2.jpg\" ><img src=\"https:\/\/www.agriturismo-valentini.it\/wp-content\/uploads\/2022\/12\/iris-2-300x200.jpg\"  alt=\"iris-2\" width=\"300\" height=\"200\"><\/a><a  href=\"https:\/\/www.agriturismo-valentini.it\/wp-content\/uploads\/2022\/12\/iris-3.jpg\" ><img src=\"https:\/\/www.agriturismo-valentini.it\/wp-content\/uploads\/2022\/12\/iris-3-300x200.jpg\"  alt=\"iris-3\" width=\"300\" height=\"200\"><\/a><a  href=\"https:\/\/www.agriturismo-valentini.it\/wp-content\/uploads\/2022\/12\/iris-4.jpg\" ><img src=\"https:\/\/www.agriturismo-valentini.it\/wp-content\/uploads\/2022\/12\/iris-4-300x200.jpg\"  alt=\"iris-4\" width=\"300\" height=\"200\"><\/a><a  href=\"https:\/\/www.agriturismo-valentini.it\/wp-content\/uploads\/2022\/12\/iris-5.jpg\" ><img src=\"https:\/\/www.agriturismo-valentini.it\/wp-content\/uploads\/2022\/12\/iris-5-300x200.jpg\"  alt=\"iris-5\" width=\"300\" height=\"200\"><\/a><a  href=\"https:\/\/www.agriturismo-valentini.it\/wp-content\/uploads\/2022\/12\/iris-6.jpg\" ><img src=\"https:\/\/www.agriturismo-valentini.it\/wp-content\/uploads\/2022\/12\/iris-6-300x200.jpg\"  alt=\"iris-6\" width=\"300\" height=\"200\"><\/a><a  href=\"https:\/\/www.agriturismo-valentini.it\/wp-content\/uploads\/2022\/12\/iris-7.jpg\" ><img src=\"https:\/\/www.agriturismo-valentini.it\/wp-content\/uploads\/2022\/12\/iris-7-300x200.jpg\"  alt=\"iris-7\" width=\"300\" height=\"200\"><\/a><a  href=\"https:\/\/www.agriturismo-valentini.it\/wp-content\/uploads\/2022\/12\/iris-esterno.jpg\" ><img src=\"https:\/\/www.agriturismo-valentini.it\/wp-content\/uploads\/2022\/12\/iris-esterno-300x195.jpg\"  alt=\"iris-esterno\" width=\"300\" height=\"195\"><\/a><\/div><div style=\"clear: both;\"><\/div><script>var twoj_slideshow_69e306787c9c0 = {}, twoj_slideshow_69e306787c9c0_css = \"\",\r\n\t\thead = document.head || document.getElementsByTagName(\"head\")[0],\r\n\t\tstyle = document.createElement(\"style\");\r\n\t\tstyle.type = \"text\/css\";\r\n\t\tif (style.styleSheet) style.styleSheet.cssText = twoj_slideshow_69e306787c9c0_css;\r\n\t\t\telse  style.appendChild(document.createTextNode(twoj_slideshow_69e306787c9c0_css));\r\n\t\thead.appendChild(style);<\/script><\/div>\n<p>Wohnung mit gro\u00dfem Doppelzimmer, K\u00fcchenzeile mit elektrischer Platte, K\u00fchlschrank, Klimaanlage und TV-Sat, sowie Badezimmer mit Dusche. Au\u00dfenbereich mit Tisch, St\u00fchlen und Barbecue ausgestattet.<br \/>\nBlick zum Schwimmbad und auf den Garten.<br \/>\nPersonen: 2<\/p>\n<div id=\"container-verde\"><a href=\"http:\/\/www.agriturismo-valentini.it\/de\/preise-toskana-ferien\">SEHEN PREISE UND KONDITIONEN<\/a><\/div>\n<p>&nbsp;<\/p>\n<\/div>\n<\/div>\n","protected":false},"excerpt":{"rendered":"<p>Wohnung Iris Wohnung mit gro\u00dfem Doppelzimmer, K\u00fcchenzeile mit elektrischer Platte, K\u00fchlschrank, Klimaanlage und TV-Sat, sowie Badezimmer mit Dusche. Au\u00dfenbereich mit Tisch, St\u00fchlen und Barbecue ausgestattet. Blick zum Schwimmbad und auf den Garten. Personen: 2 SEHEN PREISE UND KONDITIONEN &nbsp;<\/p>\n","protected":false},"author":1,"featured_media":0,"parent":0,"menu_order":0,"comment_status":"open","ping_status":"open","template":"","meta":{"ngg_post_thumbnail":0},"_links":{"self":[{"href":"https:\/\/www.agriturismo-valentini.it\/de\/wp-json\/wp\/v2\/pages\/542"}],"collection":[{"href":"https:\/\/www.agriturismo-valentini.it\/de\/wp-json\/wp\/v2\/pages"}],"about":[{"href":"https:\/\/www.agriturismo-valentini.it\/de\/wp-json\/wp\/v2\/types\/page"}],"author":[{"embeddable":true,"href":"https:\/\/www.agriturismo-valentini.it\/de\/wp-json\/wp\/v2\/users\/1"}],"replies":[{"embeddable":true,"href":"https:\/\/www.agriturismo-valentini.it\/de\/wp-json\/wp\/v2\/comments?post=542"}],"version-history":[{"count":5,"href":"https:\/\/www.agriturismo-valentini.it\/de\/wp-json\/wp\/v2\/pages\/542\/revisions"}],"predecessor-version":[{"id":1452,"href":"https:\/\/www.agriturismo-valentini.it\/de\/wp-json\/wp\/v2\/pages\/542\/revisions\/1452"}],"wp:attachment":[{"href":"https:\/\/www.agriturismo-valentini.it\/de\/wp-json\/wp\/v2\/media?parent=542"}],"curies":[{"name":"wp","href":"https:\/\/api.w.org\/{rel}","templated":true}]}}