{"id":546,"date":"2014-12-10T12:23:42","date_gmt":"2014-12-10T11:23:42","guid":{"rendered":"http:\/\/www.agriturismo-valentini.it\/?page_id=546"},"modified":"2026-01-12T10:41:55","modified_gmt":"2026-01-12T09:41:55","slug":"wohnung-mimosa","status":"publish","type":"page","link":"https:\/\/www.agriturismo-valentini.it\/de\/wohnung-mimosa\/","title":{"rendered":"Wohnung Mimosa"},"content":{"rendered":"<div class=\"row\">\n<div class=\"col-md-12\">\n<h3>Wohnung Mimosa<\/h3>\n<div id=\"container-rotator\"><div id=\"twoj_slideshow_69e30677761a4\" class=\"twoj_slideshow\" data-auto=\"false\"  data-width=\"100%\" data-height=\"0\"  data-minwidth=\"300\" data-minheight=\"0\"  data-maxwidth=\"100%\" data-maxheight=\"0\"  data-ratio=\"800\/600\"  data-nav=\"dots\" data-allowfullscreen=\"true\"  data-arrows=\"true\"  data-keyboard=\"true\"  data-transition=\"slide\"  data-transitionduration=\"300\"  data-loop=\"1\"  data-autoplay=\"5000\"  data-stopautoplayontouch=\"true\"  data-fit=\"contain\"  data-margin=\"2\"  data-thumbmargin=\"2\"  data-thumbborderwidth=\"0\"  data-thumbwidth=\"120\"   data-thumbheight=\"60\" ><a  href=\"https:\/\/www.agriturismo-valentini.it\/wp-content\/uploads\/2022\/12\/mimosa-esterno.jpg\" ><img src=\"https:\/\/www.agriturismo-valentini.it\/wp-content\/uploads\/2022\/12\/mimosa-esterno-300x194.jpg\"  alt=\"mimosa-esterno\" width=\"300\" height=\"194\"><\/a><a  href=\"https:\/\/www.agriturismo-valentini.it\/wp-content\/uploads\/2022\/12\/mimosa-esterno2.jpg\" ><img src=\"https:\/\/www.agriturismo-valentini.it\/wp-content\/uploads\/2022\/12\/mimosa-esterno2-300x190.jpg\"  alt=\"mimosa-esterno2\" width=\"300\" height=\"190\"><\/a><a  href=\"https:\/\/www.agriturismo-valentini.it\/wp-content\/uploads\/2022\/12\/mimosa-1.jpg\" ><img src=\"https:\/\/www.agriturismo-valentini.it\/wp-content\/uploads\/2022\/12\/mimosa-1-300x200.jpg\"  alt=\"mimosa-1\" width=\"300\" height=\"200\"><\/a><a  href=\"https:\/\/www.agriturismo-valentini.it\/wp-content\/uploads\/2022\/12\/mimosa-4.jpg\" ><img src=\"https:\/\/www.agriturismo-valentini.it\/wp-content\/uploads\/2022\/12\/mimosa-4-300x200.jpg\"  alt=\"mimosa-4\" width=\"300\" height=\"200\"><\/a><a  href=\"https:\/\/www.agriturismo-valentini.it\/wp-content\/uploads\/2022\/12\/mimosa-2.jpg\" ><img src=\"https:\/\/www.agriturismo-valentini.it\/wp-content\/uploads\/2022\/12\/mimosa-2-300x200.jpg\"  alt=\"mimosa-2\" width=\"300\" height=\"200\"><\/a><a  href=\"https:\/\/www.agriturismo-valentini.it\/wp-content\/uploads\/2022\/12\/mimosa-3.jpg\" ><img src=\"https:\/\/www.agriturismo-valentini.it\/wp-content\/uploads\/2022\/12\/mimosa-3-300x200.jpg\"  alt=\"mimosa-3\" width=\"300\" height=\"200\"><\/a><a  href=\"https:\/\/www.agriturismo-valentini.it\/wp-content\/uploads\/2022\/12\/mimosa-5.jpg\" ><img src=\"https:\/\/www.agriturismo-valentini.it\/wp-content\/uploads\/2022\/12\/mimosa-5-300x200.jpg\"  alt=\"mimosa-5\" width=\"300\" height=\"200\"><\/a><a  href=\"https:\/\/www.agriturismo-valentini.it\/wp-content\/uploads\/2022\/12\/mimosa-6.jpg\" ><img src=\"https:\/\/www.agriturismo-valentini.it\/wp-content\/uploads\/2022\/12\/mimosa-6-300x200.jpg\"  alt=\"mimosa-6\" width=\"300\" height=\"200\"><\/a><a  href=\"https:\/\/www.agriturismo-valentini.it\/wp-content\/uploads\/2022\/12\/mimosa-7.jpg\" ><img src=\"https:\/\/www.agriturismo-valentini.it\/wp-content\/uploads\/2022\/12\/mimosa-7-300x200.jpg\"  alt=\"mimosa-7\" width=\"300\" height=\"200\"><\/a><a  href=\"https:\/\/www.agriturismo-valentini.it\/wp-content\/uploads\/2022\/12\/mimosa-8.jpg\" ><img src=\"https:\/\/www.agriturismo-valentini.it\/wp-content\/uploads\/2022\/12\/mimosa-8-300x200.jpg\"  alt=\"mimosa-8\" width=\"300\" height=\"200\"><\/a><\/div><div style=\"clear: both;\"><\/div><script>var twoj_slideshow_69e30677761a4 = {}, twoj_slideshow_69e30677761a4_css = \"\",\r\n\t\thead = document.head || document.getElementsByTagName(\"head\")[0],\r\n\t\tstyle = document.createElement(\"style\");\r\n\t\tstyle.type = \"text\/css\";\r\n\t\tif (style.styleSheet) style.styleSheet.cssText = twoj_slideshow_69e30677761a4_css;\r\n\t\t\telse  style.appendChild(document.createTextNode(twoj_slideshow_69e30677761a4_css));\r\n\t\thead.appendChild(style);<\/script><\/div>\n<p>Zweizimmerwohnung im Erdgescho\u00df mit Doppelzimmer, Badezimmer mit Dusche und ger\u00e4umigem Wohnbereich mit Schlafcouch.<br \/>\nDie moderne K\u00fcche bietet Sp\u00fclmaschine, Ofen und K\u00fchlschrank mit Gefrierfach.<br \/>\nDie Wohnung ist mit Klimaanlage und TV-Sat ausgestattet. Blick auf den Innengarten.<br \/>\nPrivater Au\u00dfenbereich mit Tisch, St\u00fchlen und Barbecue ausgestattet.<br \/>\nPersonen: 2+2<\/p>\n<div id=\"container-verde\"><a href=\"http:\/\/www.agriturismo-valentini.it\/de\/preise-toskana-ferien\">SEHEN PREISE UND KONDITIONEN<\/a><\/div>\n<p>&nbsp;<\/p>\n<\/div>\n<\/div>\n","protected":false},"excerpt":{"rendered":"<p>Wohnung Mimosa Zweizimmerwohnung im Erdgescho\u00df mit Doppelzimmer, Badezimmer mit Dusche und ger\u00e4umigem Wohnbereich mit Schlafcouch. Die moderne K\u00fcche bietet Sp\u00fclmaschine, Ofen und K\u00fchlschrank mit Gefrierfach. Die Wohnung ist mit Klimaanlage und TV-Sat ausgestattet. Blick auf den Innengarten. Privater Au\u00dfenbereich mit Tisch, St\u00fchlen und Barbecue ausgestattet. Personen: 2+2 SEHEN PREISE UND KONDITIONEN &nbsp;<\/p>\n","protected":false},"author":1,"featured_media":0,"parent":0,"menu_order":0,"comment_status":"open","ping_status":"open","template":"","meta":{"ngg_post_thumbnail":0},"_links":{"self":[{"href":"https:\/\/www.agriturismo-valentini.it\/de\/wp-json\/wp\/v2\/pages\/546"}],"collection":[{"href":"https:\/\/www.agriturismo-valentini.it\/de\/wp-json\/wp\/v2\/pages"}],"about":[{"href":"https:\/\/www.agriturismo-valentini.it\/de\/wp-json\/wp\/v2\/types\/page"}],"author":[{"embeddable":true,"href":"https:\/\/www.agriturismo-valentini.it\/de\/wp-json\/wp\/v2\/users\/1"}],"replies":[{"embeddable":true,"href":"https:\/\/www.agriturismo-valentini.it\/de\/wp-json\/wp\/v2\/comments?post=546"}],"version-history":[{"count":4,"href":"https:\/\/www.agriturismo-valentini.it\/de\/wp-json\/wp\/v2\/pages\/546\/revisions"}],"predecessor-version":[{"id":1453,"href":"https:\/\/www.agriturismo-valentini.it\/de\/wp-json\/wp\/v2\/pages\/546\/revisions\/1453"}],"wp:attachment":[{"href":"https:\/\/www.agriturismo-valentini.it\/de\/wp-json\/wp\/v2\/media?parent=546"}],"curies":[{"name":"wp","href":"https:\/\/api.w.org\/{rel}","templated":true}]}}