{"id":552,"date":"2014-12-10T12:27:32","date_gmt":"2014-12-10T11:27:32","guid":{"rendered":"http:\/\/www.agriturismo-valentini.it\/?page_id=552"},"modified":"2026-01-12T10:42:29","modified_gmt":"2026-01-12T09:42:29","slug":"wohnung-papavero","status":"publish","type":"page","link":"https:\/\/www.agriturismo-valentini.it\/de\/wohnung-papavero\/","title":{"rendered":"Wohnung Papavero"},"content":{"rendered":"<div class=\"row\">\n<div class=\"col-md-12\">\n<h3>Wohnung Papavero<\/h3>\n<div id=\"twoj_slideshow_69e3136fe973d\" class=\"twoj_slideshow\" data-auto=\"false\"  data-width=\"100%\" data-height=\"0\"  data-minwidth=\"300\" data-minheight=\"0\"  data-maxwidth=\"100%\" data-maxheight=\"0\"  data-ratio=\"800\/600\"  data-nav=\"dots\" data-allowfullscreen=\"true\"  data-arrows=\"true\"  data-keyboard=\"true\"  data-transition=\"slide\"  data-transitionduration=\"300\"  data-loop=\"1\"  data-autoplay=\"5000\"  data-stopautoplayontouch=\"true\"  data-fit=\"contain\"  data-margin=\"2\"  data-thumbmargin=\"2\"  data-thumbborderwidth=\"0\"  data-thumbwidth=\"120\"   data-thumbheight=\"60\" ><a  href=\"https:\/\/www.agriturismo-valentini.it\/wp-content\/uploads\/2022\/12\/esterno-papavero.jpg\" ><img src=\"https:\/\/www.agriturismo-valentini.it\/wp-content\/uploads\/2022\/12\/esterno-papavero-300x225.jpg\"  alt=\"esterno-papavero\" width=\"300\" height=\"225\"><\/a><a  href=\"https:\/\/www.agriturismo-valentini.it\/wp-content\/uploads\/2022\/12\/esterno-papavero2.jpg\" ><img src=\"https:\/\/www.agriturismo-valentini.it\/wp-content\/uploads\/2022\/12\/esterno-papavero2-300x178.jpg\"  alt=\"esterno-papavero2\" width=\"300\" height=\"178\"><\/a><a  href=\"https:\/\/www.agriturismo-valentini.it\/wp-content\/uploads\/2022\/12\/papavero-6.jpg\" ><img src=\"https:\/\/www.agriturismo-valentini.it\/wp-content\/uploads\/2022\/12\/papavero-6-300x200.jpg\"  alt=\"papavero-6\" width=\"300\" height=\"200\"><\/a><a  href=\"https:\/\/www.agriturismo-valentini.it\/wp-content\/uploads\/2022\/12\/papavero-7.jpg\" ><img src=\"https:\/\/www.agriturismo-valentini.it\/wp-content\/uploads\/2022\/12\/papavero-7-300x200.jpg\"  alt=\"papavero-7\" width=\"300\" height=\"200\"><\/a><a  href=\"https:\/\/www.agriturismo-valentini.it\/wp-content\/uploads\/2022\/12\/papavero-4.jpg\" ><img src=\"https:\/\/www.agriturismo-valentini.it\/wp-content\/uploads\/2022\/12\/papavero-4-300x200.jpg\"  alt=\"papavero-4\" width=\"300\" height=\"200\"><\/a><a  href=\"https:\/\/www.agriturismo-valentini.it\/wp-content\/uploads\/2022\/12\/papavero-5.jpg\" ><img src=\"https:\/\/www.agriturismo-valentini.it\/wp-content\/uploads\/2022\/12\/papavero-5-300x200.jpg\"  alt=\"papavero-5\" width=\"300\" height=\"200\"><\/a><a  href=\"https:\/\/www.agriturismo-valentini.it\/wp-content\/uploads\/2022\/12\/papavero-1.jpg\" ><img src=\"https:\/\/www.agriturismo-valentini.it\/wp-content\/uploads\/2022\/12\/papavero-1-300x200.jpg\"  alt=\"papavero-1\" width=\"300\" height=\"200\"><\/a><a  href=\"https:\/\/www.agriturismo-valentini.it\/wp-content\/uploads\/2022\/12\/papavero-2.jpg\" ><img src=\"https:\/\/www.agriturismo-valentini.it\/wp-content\/uploads\/2022\/12\/papavero-2-300x200.jpg\"  alt=\"papavero-2\" width=\"300\" height=\"200\"><\/a><a  href=\"https:\/\/www.agriturismo-valentini.it\/wp-content\/uploads\/2022\/12\/papavero-3.jpg\" ><img src=\"https:\/\/www.agriturismo-valentini.it\/wp-content\/uploads\/2022\/12\/papavero-3-300x200.jpg\"  alt=\"papavero-3\" width=\"300\" height=\"200\"><\/a><a  href=\"https:\/\/www.agriturismo-valentini.it\/wp-content\/uploads\/2022\/12\/papavero-8.jpg\" ><img src=\"https:\/\/www.agriturismo-valentini.it\/wp-content\/uploads\/2022\/12\/papavero-8-300x200.jpg\"  alt=\"papavero-8\" width=\"300\" height=\"200\"><\/a><\/div><div style=\"clear: both;\"><\/div><script>var twoj_slideshow_69e3136fe973d = {}, twoj_slideshow_69e3136fe973d_css = \"\",\r\n\t\thead = document.head || document.getElementsByTagName(\"head\")[0],\r\n\t\tstyle = document.createElement(\"style\");\r\n\t\tstyle.type = \"text\/css\";\r\n\t\tif (style.styleSheet) style.styleSheet.cssText = twoj_slideshow_69e3136fe973d_css;\r\n\t\t\telse  style.appendChild(document.createTextNode(twoj_slideshow_69e3136fe973d_css));\r\n\t\thead.appendChild(style);<\/script>\n<p>Zweizimmerwohnung im Erdgescho\u00df mit Doppelzimmer, Badezimmer und ger\u00e4umigem Wohnbereich mit Schlafcouch.<br \/>\nDie moderne K\u00fcche bietet Sp\u00fclmaschine, Ofen und K\u00fchlschrank mit Gefrierfach.<br \/>\nDie Wohnung ist mit Klimaanlage und TV-Sat ausgestattet. Blick auf den Garten und auf den Korkeichenwald.<br \/>\nPrivater Au\u00dfenbereich mit Tisch, St\u00fchlen und Barbecue ausgestattet.<br \/>\nPersonen: 2+2<\/p>\n<p>&nbsp;<\/p>\n<div id=\"container-verde\"><a href=\"http:\/\/www.agriturismo-valentini.it\/de\/preise-toskana-ferien\">SEHEN PREISE UND KONDITIONEN<\/a><\/div>\n<p>&nbsp;<\/p>\n<\/div>\n<\/div>\n","protected":false},"excerpt":{"rendered":"<p>Wohnung Papavero Zweizimmerwohnung im Erdgescho\u00df mit Doppelzimmer, Badezimmer und ger\u00e4umigem Wohnbereich mit Schlafcouch. Die moderne K\u00fcche bietet Sp\u00fclmaschine, Ofen und K\u00fchlschrank mit Gefrierfach. Die Wohnung ist mit Klimaanlage und TV-Sat ausgestattet. Blick auf den Garten und auf den Korkeichenwald. Privater Au\u00dfenbereich mit Tisch, St\u00fchlen und Barbecue ausgestattet. Personen: 2+2 &nbsp; SEHEN PREISE UND KONDITIONEN &nbsp;<\/p>\n","protected":false},"author":1,"featured_media":0,"parent":0,"menu_order":0,"comment_status":"open","ping_status":"open","template":"","meta":{"ngg_post_thumbnail":0},"_links":{"self":[{"href":"https:\/\/www.agriturismo-valentini.it\/de\/wp-json\/wp\/v2\/pages\/552"}],"collection":[{"href":"https:\/\/www.agriturismo-valentini.it\/de\/wp-json\/wp\/v2\/pages"}],"about":[{"href":"https:\/\/www.agriturismo-valentini.it\/de\/wp-json\/wp\/v2\/types\/page"}],"author":[{"embeddable":true,"href":"https:\/\/www.agriturismo-valentini.it\/de\/wp-json\/wp\/v2\/users\/1"}],"replies":[{"embeddable":true,"href":"https:\/\/www.agriturismo-valentini.it\/de\/wp-json\/wp\/v2\/comments?post=552"}],"version-history":[{"count":5,"href":"https:\/\/www.agriturismo-valentini.it\/de\/wp-json\/wp\/v2\/pages\/552\/revisions"}],"predecessor-version":[{"id":1454,"href":"https:\/\/www.agriturismo-valentini.it\/de\/wp-json\/wp\/v2\/pages\/552\/revisions\/1454"}],"wp:attachment":[{"href":"https:\/\/www.agriturismo-valentini.it\/de\/wp-json\/wp\/v2\/media?parent=552"}],"curies":[{"name":"wp","href":"https:\/\/api.w.org\/{rel}","templated":true}]}}