{"id":612,"date":"2014-12-10T17:01:32","date_gmt":"2014-12-10T16:01:32","guid":{"rendered":"http:\/\/www.agriturismo-valentini.it\/?page_id=612"},"modified":"2015-01-07T12:32:43","modified_gmt":"2015-01-07T11:32:43","slug":"bestatigung","status":"publish","type":"page","link":"https:\/\/www.agriturismo-valentini.it\/de\/bestatigung\/","title":{"rendered":"Bestatigung"},"content":{"rendered":"<div class=\"row\">\n<div class=\"col-md-12\">\n<h3>Best\u00e4tigung<\/h3>\n<div id=\"container-rotator\"><a href=\"http:\/\/www.agriturismo-valentini.it\/wp-content\/uploads\/2014\/12\/contatti1.jpg\"><img loading=\"lazy\" class=\"alignnone size-full wp-image-424\" src=\"http:\/\/www.agriturismo-valentini.it\/wp-content\/uploads\/2014\/12\/contatti1.jpg\" alt=\"contatti\" width=\"701\" height=\"368\" srcset=\"https:\/\/www.agriturismo-valentini.it\/wp-content\/uploads\/2014\/12\/contatti1.jpg 701w, https:\/\/www.agriturismo-valentini.it\/wp-content\/uploads\/2014\/12\/contatti1-300x157.jpg 300w, https:\/\/www.agriturismo-valentini.it\/wp-content\/uploads\/2014\/12\/contatti1-320x167.jpg 320w\" sizes=\"(max-width: 701px) 100vw, 701px\" \/><\/a><\/div>\n<p>&nbsp;<\/p>\n<p>Ihre Anfrage wurde erfolgreich versendet.<\/p>\n<p>Wir antworten so bald wie m\u00f6glich; wenn Sie brauchen, k\u00f6nnen Sie uns unter:<\/p>\n<p>Tel. 0566.918058<br \/>\nFax 0566.918049<\/p>\n<p>info@agriturismo-valentini.it<\/p>\n<p>&nbsp;<\/p>\n<p>&nbsp;<\/p>\n<\/div>\n<\/div>\n","protected":false},"excerpt":{"rendered":"<p>Best\u00e4tigung &nbsp; Ihre Anfrage wurde erfolgreich versendet. Wir antworten so bald wie m\u00f6glich; wenn Sie brauchen, k\u00f6nnen Sie uns unter: Tel. 0566.918058 Fax 0566.918049 info@agriturismo-valentini.it &nbsp; &nbsp;<\/p>\n","protected":false},"author":1,"featured_media":0,"parent":0,"menu_order":0,"comment_status":"open","ping_status":"open","template":"","meta":{"ngg_post_thumbnail":0},"_links":{"self":[{"href":"https:\/\/www.agriturismo-valentini.it\/de\/wp-json\/wp\/v2\/pages\/612"}],"collection":[{"href":"https:\/\/www.agriturismo-valentini.it\/de\/wp-json\/wp\/v2\/pages"}],"about":[{"href":"https:\/\/www.agriturismo-valentini.it\/de\/wp-json\/wp\/v2\/types\/page"}],"author":[{"embeddable":true,"href":"https:\/\/www.agriturismo-valentini.it\/de\/wp-json\/wp\/v2\/users\/1"}],"replies":[{"embeddable":true,"href":"https:\/\/www.agriturismo-valentini.it\/de\/wp-json\/wp\/v2\/comments?post=612"}],"version-history":[{"count":1,"href":"https:\/\/www.agriturismo-valentini.it\/de\/wp-json\/wp\/v2\/pages\/612\/revisions"}],"predecessor-version":[{"id":613,"href":"https:\/\/www.agriturismo-valentini.it\/de\/wp-json\/wp\/v2\/pages\/612\/revisions\/613"}],"wp:attachment":[{"href":"https:\/\/www.agriturismo-valentini.it\/de\/wp-json\/wp\/v2\/media?parent=612"}],"curies":[{"name":"wp","href":"https:\/\/api.w.org\/{rel}","templated":true}]}}