{"id":668,"date":"2014-12-17T15:38:29","date_gmt":"2014-12-17T14:38:29","guid":{"rendered":"http:\/\/www.agriturismo-valentini.it\/?page_id=668"},"modified":"2021-03-08T10:10:09","modified_gmt":"2021-03-08T09:10:09","slug":"urlaub-toskana","status":"publish","type":"page","link":"https:\/\/www.agriturismo-valentini.it\/de\/urlaub-toskana\/","title":{"rendered":"Umgebung"},"content":{"rendered":"<div class=\"row\">\n<div class=\"col-md-12\">Die geographische Lage des Hofes Valentini ist ideal f\u00fcr die Erkundung der Maremma. Was auch immer Ihr Wunsch ist: die Ruhe, das Meer, Natur, Geschichte, Kunst oder Essen und Wein, Sie k\u00f6nnen es hier finden.<\/div>\n<p>&nbsp;<br \/>\nDie sch\u00f6nsten <strong>Str\u00e4nde<\/strong> besuchen:<\/p>\n<div class=\"col-md-4\">\n<p><a href=\"http:\/\/www.agriturismo-valentini.it\/immagini\/dintorni-agriturismo\/Cala-Violina.jpg\" rel=\"prettyPhoto [immagini\/dintorni-agriturismo]\"><img src=\"http:\/\/www.agriturismo-valentini.it\/immagini\/dintorni-agriturismo\/Cala-Violina_small.jpg\" alt=\"\"><\/a><\/p>\n<p><a href=\"http:\/\/www.agriturismo-valentini.it\/immagini\/dintorni-agriturismo\/punta-ala.jpg\" rel=\"prettyPhoto [immagini\/dintorni-agriturismo]\"><img src=\"http:\/\/www.agriturismo-valentini.it\/immagini\/dintorni-agriturismo\/punta-ala_small.jpg\" alt=\"\"><\/a><\/p>\n<p><a href=\"http:\/\/www.agriturismo-valentini.it\/immagini\/dintorni-agriturismo\/Follonica.jpg\" rel=\"prettyPhoto [immagini\/dintorni-agriturismo]\"><img src=\"http:\/\/www.agriturismo-valentini.it\/immagini\/dintorni-agriturismo\/Follonica_small.jpg\" alt=\"\"><\/a><\/p>\n<p><a href=\"http:\/\/www.agriturismo-valentini.it\/immagini\/dintorni-agriturismo\/castiglione-della-pescaia.jpg\" rel=\"prettyPhoto [immagini\/dintorni-agriturismo]\"><img src=\"http:\/\/www.agriturismo-valentini.it\/immagini\/dintorni-agriturismo\/castiglione-della-pescaia_small.jpg\" alt=\"\"><\/a><\/p>\n<\/div>\n<div class=\"col-md-8\">\n<p><strong>CALA VIOLINA <\/strong>(17 km): ist einer der sch\u00f6nsten Str\u00e4nde der Maremma mit seinem wei\u00dfen Sand, kristallklarem Meer und das unber\u00fchrte Naturschutzgebiet. Der Strand von Cala Violina wurde zwei Jahre in Folge als einer der sch\u00f6nsten Str\u00e4nde in Italien anerkannt;<\/p>\n<p><strong> PUNTA ALA<\/strong> (27 km): ein Strand, wo das Meer unglaublich klar ist mit sauberem Wasser. Im Jahr 2013 wurde Punta Ala mit 5 Segeln der \u201eBlue Guide\u201c ausgezeichnet;<\/p>\n<p><strong>FOLLONICA<\/strong> (8.5 km): Der Strand, der vor der Stadt Follonica liegt, besteht aus feinem Sand und verf\u00fcgt \u00fcber einen sanft abfallenden Meeresboden, ideal f\u00fcr Familien mit Kindern;<\/p>\n<p><strong>TORREMOZZA<\/strong> (14 km): Dies ist ein Strand mit D\u00fcnen und Schilf, bewacht von einem alten Turm aus dem f\u00fcnfzehnten Jahrhundert;<\/p>\n<p><strong>CARBONIFERA<\/strong> (15 km): Der Strand besteht aus klarem und feinem Sand, dahinter liegen die D\u00fcnen, von Pinien beschattet;<\/p>\n<p><strong>CASTIGLION DELLA PESCAIA<\/strong> (30 km):Entlang der K\u00fcste gibt es gro\u00dfe Sandstr\u00e4nde und Strecken mit Felsen, umgeben von mediterraner Vegetation, Pinienw\u00e4lder und W\u00e4lder von Kork- und Steineichen. Castiglione della Pescaia erhielt mehrere Jahre viele Auszeichnungen wie &#8220;Die 5 Segel&#8221; und die &#8220;Blaue Flagge&#8221; von Legambiente und Touring Club Italien, die auf die Sauberkeit und die Sch\u00f6nheit seiner Str\u00e4nde hinweisen.<\/p>\n<\/div>\n<p>&nbsp;<\/p>\n<p>&nbsp;<\/p>\n<p>&nbsp;<\/p>\n<p><strong>INSELN<\/strong><\/p>\n<div class=\"col-md-4\"><a href=\"http:\/\/www.agriturismo-valentini.it\/immagini\/dintorni-agriturismo\/isola-elba.jpg\" rel=\"prettyPhoto [immagini\/dintorni-agriturismo]\"><img src=\"http:\/\/www.agriturismo-valentini.it\/immagini\/dintorni-agriturismo\/isola-elba_small.jpg\" alt=\"\"><\/a><\/div>\n<div class=\"col-md-8\">\n<p>Einen sehr angenehmen Tagesausflug zur <strong>ISOLA D&#8217;ELBA<\/strong> oder den Inseln <strong>Giglio<\/strong> und <strong>Giannutri<\/strong> k\u00f6nnen Sie mit einer kurzen Kreuzfahrt vom nahe gelegenen Hafen von Castiglione della Pescaia oder Piombino verbinden.<\/p>\n<\/div>\n<p>&nbsp;<\/p>\n<p>&nbsp;<\/p>\n<p>&nbsp;<\/p>\n<p><strong>DIE HISTORISCHE D\u00d6RFER <\/strong><\/p>\n<div class=\"col-md-4\">\n<p><a href=\"http:\/\/www.agriturismo-valentini.it\/immagini\/dintorni-agriturismo\/Volterra.jpg\" rel=\"prettyPhoto [immagini\/dintorni-agriturismo]\"><img src=\"http:\/\/www.agriturismo-valentini.it\/immagini\/dintorni-agriturismo\/Volterra_small.jpg\" alt=\"\"><\/a><\/p>\n<p><a href=\"http:\/\/www.agriturismo-valentini.it\/immagini\/dintorni-agriturismo\/sangimignano.jpg\" rel=\"prettyPhoto [immagini\/dintorni-agriturismo]\"><img src=\"http:\/\/www.agriturismo-valentini.it\/immagini\/dintorni-agriturismo\/sangimignano_small.jpg\" alt=\"\"><\/a><\/p>\n<p><a href=\"http:\/\/www.agriturismo-valentini.it\/immagini\/dintorni-agriturismo\/massa-marittima.jpg\" rel=\"prettyPhoto [immagini\/dintorni-agriturismo]\"><img src=\"http:\/\/www.agriturismo-valentini.it\/immagini\/dintorni-agriturismo\/massa-marittima_small.jpg\" alt=\"\"><\/a><\/p>\n<p><a href=\"http:\/\/www.agriturismo-valentini.it\/immagini\/dintorni-agriturismo\/populonia.jpg\" rel=\"prettyPhoto [immagini\/dintorni-agriturismo]\"><img src=\"http:\/\/www.agriturismo-valentini.it\/immagini\/dintorni-agriturismo\/populonia_small.jpg\" alt=\"\"><\/a><\/p>\n<p><!-- <a href=\"http:\/\/www.agriturismo-valentini.it\/immagini\/dintorni-agriturismo\/scarlino.jpg\" rel=\"prettyPhoto [immagini\/dintorni-agriturismo]\"><img src=\"http:\/\/www.agriturismo-valentini.it\/immagini\/dintorni-agriturismo\/scarlino_small.jpg\" alt=\"\" \/><\/a> --><\/p>\n<\/div>\n<div class=\"col-md-8\">\n<p>Sie k\u00f6nnen sehen und besuchen viele sch\u00f6ne mittelalterliche St\u00e4dte, von denen wir im Folgenden nur die wichtigsten und ber\u00fchmtesten historischen St\u00e4dte wie <strong>Siena<\/strong>, <strong>Volterra<\/strong>, <strong>San Gimignano<\/strong> und <strong>Florenz<\/strong> aufzulisten..<\/p>\n<p><strong>MASSA MARITTIMA<\/strong>: (8 km) als Juwel der mittelalterlichen Toskana bekannt.<\/p>\n<p><strong>CASTIGLION DELLA PESCAIA<\/strong>: (30 km) mittelalterliche Stadt, von einer gewaltigen Mauer mit T\u00fcrmen, Toren und einem Schloss aus dem f\u00fcnfzehnten Jahrhundert umschlossen;<\/p>\n<p><strong>CAMPIGLIA MARITTIMA<\/strong>: (29 km) auf einem H\u00fcgel gelegen, von dem aus der Blick auf das Meer und die umliegende Landschaft geht, ist Campiglia Marittima eine der sch\u00f6nsten historischen St\u00e4dte an der etruskischen K\u00fcste.<\/p>\n<p>Liebhaber der Geschichte, Kultur und Arch\u00e4ologie finden durch den Besuch der nahe gelegenen Sehensw\u00fcrdigkeiten von <strong>POPULONIA<\/strong> und <strong>VETULONIA<\/strong>, des Arch\u00e4ologischen Parks von <strong>ROSELLE<\/strong>, der <strong>VIE CAVE<\/strong> von SORANO, des <strong>PARCO ARCHEOMINERARIO DELLA VAL DI CORNIA<\/strong>, die <strong>ROCCA DI SCARLINO<\/strong> und die <strong>Nekropole<\/strong> der PUNTONE neue interessante Einblicke und Anregungen.<\/p>\n<\/div>\n<p>&nbsp;<\/p>\n<p>&nbsp;<\/p>\n<p>&nbsp;<\/p>\n<p>&nbsp;<\/p>\n<p>&nbsp;<\/p>\n<p style=\"margin-top: 58px;\"><strong>THERMALQUELLEN<\/strong><\/p>\n<div class=\"col-md-4\"><a href=\"http:\/\/www.agriturismo-valentini.it\/immagini\/dintorni-agriturismo\/saturnia.jpg\" rel=\"prettyPhoto [immagini\/dintorni-agriturismo]\"><img src=\"http:\/\/www.agriturismo-valentini.it\/immagini\/dintorni-agriturismo\/saturnia_small.jpg\" alt=\"\"><\/a><\/div>\n<div class=\"col-md-8\">\n<p>Wenn Sie das Bed\u00fcrfnis haben in Ruhe zu genie\u00dfen, entspannen Sie in den <strong>PETRIOLO THERMALQUELLEN<\/strong>, im beliebten und malerischen Kurzentrum <strong>Saturnia<\/strong> oder in den ber\u00fchmten Thermen von <strong>Calidario in Venturina<\/strong><\/p>\n<\/div>\n<p>&nbsp;<\/p>\n<p>&nbsp;<\/p>\n<p>&nbsp;<\/p>\n<p><strong>HAUSTIERFREUNDLICHE STR\u00c4NDE:<\/strong><\/p>\n<div class=\"col-md-4\">\n<p><a href=\"http:\/\/www.agriturismo-valentini.it\/immagini\/dintorni-agriturismo\/spiaggia-cani-toscana.jpg\" rel=\"prettyPhoto [immagini\/dintorni-agriturismo]\"><img src=\"http:\/\/www.agriturismo-valentini.it\/immagini\/dintorni-agriturismo\/spiaggia-cani-toscana_small.jpg\" alt=\"\"><\/a><\/p>\n<\/div>\n<div class=\"col-md-8\">\n<p>Finden sie einige sch\u00f6ne Str\u00e4nde f\u00fcr Ihren vierbeinigen Freunde im Umkreis von wenigen Kilometern von unserem Agriturismo.<br \/>\n<strong>MORTELLICCIO<\/strong> (16 km)<br \/>\n<strong> PUNTONE DI SCARLINO<\/strong> (13 km)<br \/>\n<strong>PUNTA ALA <\/strong>(23 km)<br \/>\n<strong> RIOTORTO<\/strong> (21 km)<\/p>\n<\/div>\n<\/div>\n","protected":false},"excerpt":{"rendered":"<p>Die geographische Lage des Hofes Valentini ist ideal f\u00fcr die Erkundung der Maremma. Was auch immer Ihr Wunsch ist: die Ruhe, das Meer, Natur, Geschichte, Kunst oder Essen und Wein, Sie k\u00f6nnen es hier finden. &nbsp; Die sch\u00f6nsten Str\u00e4nde besuchen: CALA VIOLINA (17 km): ist einer der sch\u00f6nsten Str\u00e4nde der Maremma mit seinem wei\u00dfen Sand,&#8230;<\/p>\n","protected":false},"author":1,"featured_media":0,"parent":0,"menu_order":0,"comment_status":"open","ping_status":"open","template":"","meta":{"ngg_post_thumbnail":0},"_links":{"self":[{"href":"https:\/\/www.agriturismo-valentini.it\/de\/wp-json\/wp\/v2\/pages\/668"}],"collection":[{"href":"https:\/\/www.agriturismo-valentini.it\/de\/wp-json\/wp\/v2\/pages"}],"about":[{"href":"https:\/\/www.agriturismo-valentini.it\/de\/wp-json\/wp\/v2\/types\/page"}],"author":[{"embeddable":true,"href":"https:\/\/www.agriturismo-valentini.it\/de\/wp-json\/wp\/v2\/users\/1"}],"replies":[{"embeddable":true,"href":"https:\/\/www.agriturismo-valentini.it\/de\/wp-json\/wp\/v2\/comments?post=668"}],"version-history":[{"count":9,"href":"https:\/\/www.agriturismo-valentini.it\/de\/wp-json\/wp\/v2\/pages\/668\/revisions"}],"predecessor-version":[{"id":1029,"href":"https:\/\/www.agriturismo-valentini.it\/de\/wp-json\/wp\/v2\/pages\/668\/revisions\/1029"}],"wp:attachment":[{"href":"https:\/\/www.agriturismo-valentini.it\/de\/wp-json\/wp\/v2\/media?parent=668"}],"curies":[{"name":"wp","href":"https:\/\/api.w.org\/{rel}","templated":true}]}}