{"id":750,"date":"2015-01-22T17:48:37","date_gmt":"2015-01-22T16:48:37","guid":{"rendered":"http:\/\/www.agriturismo-valentini.it\/?page_id=750"},"modified":"2015-01-22T17:49:13","modified_gmt":"2015-01-22T16:49:13","slug":"weine-agriturismo-toskana","status":"publish","type":"page","link":"https:\/\/www.agriturismo-valentini.it\/de\/weine-agriturismo-toskana\/","title":{"rendered":"Unsere Weine"},"content":{"rendered":"<div class=\"row\">\n<div class=\"col-md-12\">\n<h3>Unsere Weine<\/h3>\n<div id=\"container-rotator\">\u00a0<div class=\"easyRotatorWrapper\" align=\"center\">\r\n\r\n<!-- Begin DWUser_EasyRotator -->\r\n<script type=\"text\/javascript\" src=\"https:\/\/c520866.ssl.cf2.rackcdn.com\/1\/js\/easy_rotator.min.js\"><\/script>\r\n<div class=\"dwuserEasyRotator\" style=\"width: 100%; height: 400px; position:relative; text-align: left;\" data-erConfig=\"{autoplayEnabled:true, lpp:'102-105-108-101-58-47-47-47-67-58-47-85-115-101-114-115-47-65-110-116-111-110-101-108-108-97-37-50-48-68-101-115-99-104-105-110-111-47-68-111-99-117-109-101-110-116-115-47-69-97-115-121-82-111-116-97-116-111-114-80-114-101-118-105-101-119-47-112-114-101-118-105-101-119-95-115-119-102-115-47', wv:1}\" data-erName=\"vini\" data-erResponsiveRatio=\"{16:12}\">\r\n\t<div data-ertype=\"content\" style=\"display: none;\"><ul data-erlabel=\"Main Category\">\r\n\t<li>\r\n\t\t<img class=\"main\" src=\"https:\/\/www.agriturismo-valentini.it\/wp-content\/uploads\/EasyRotatorStorage\/user-content\/erc_89_1421914426\/content\/assets\/vendemmia 028-0.jpg\" \/>\r\n\t\t<img class=\"thumb\" src=\"https:\/\/www.agriturismo-valentini.it\/wp-content\/uploads\/EasyRotatorStorage\/user-content\/erc_89_1421914426\/content\/assets\/vendemmia 028-0.jpg\" \/>\r\n\t<\/li>\r\n\t<li>\r\n\t\t<img class=\"main\" src=\"https:\/\/www.agriturismo-valentini.it\/wp-content\/uploads\/EasyRotatorStorage\/user-content\/erc_89_1421914426\/content\/assets\/olive 011-0.jpg\" \/>\r\n\t\t<img class=\"thumb\" src=\"https:\/\/www.agriturismo-valentini.it\/wp-content\/uploads\/EasyRotatorStorage\/user-content\/erc_89_1421914426\/content\/assets\/olive 011-0.jpg\" \/>\r\n\t<\/li>\r\n\t<li>\r\n\t\t<img class=\"main\" src=\"https:\/\/www.agriturismo-valentini.it\/wp-content\/uploads\/EasyRotatorStorage\/user-content\/erc_89_1421914426\/content\/assets\/DSCF5055-0.jpg\" \/>\r\n\t\t<img class=\"thumb\" src=\"https:\/\/www.agriturismo-valentini.it\/wp-content\/uploads\/EasyRotatorStorage\/user-content\/erc_89_1421914426\/content\/assets\/DSCF5055-0.jpg\" \/>\r\n\t<\/li>\r\n\t<li>\r\n\t\t<img class=\"main\" src=\"https:\/\/www.agriturismo-valentini.it\/wp-content\/uploads\/EasyRotatorStorage\/user-content\/erc_89_1421914426\/content\/assets\/DSCF5023-0.jpg\" \/>\r\n\t\t<img class=\"thumb\" src=\"https:\/\/www.agriturismo-valentini.it\/wp-content\/uploads\/EasyRotatorStorage\/user-content\/erc_89_1421914426\/content\/assets\/DSCF5023-0.jpg\" \/>\r\n\t<\/li>\r\n\t<li>\r\n\t\t<img class=\"main\" src=\"https:\/\/www.agriturismo-valentini.it\/wp-content\/uploads\/EasyRotatorStorage\/user-content\/erc_89_1421914426\/content\/assets\/DSCF1678-0.jpg\" \/>\r\n\t\t<img class=\"thumb\" src=\"https:\/\/www.agriturismo-valentini.it\/wp-content\/uploads\/EasyRotatorStorage\/user-content\/erc_89_1421914426\/content\/assets\/DSCF1678-0.jpg\" \/>\r\n\t<\/li>\r\n\t<li>\r\n\t\t<img class=\"main\" src=\"https:\/\/www.agriturismo-valentini.it\/wp-content\/uploads\/EasyRotatorStorage\/user-content\/erc_89_1421914426\/content\/assets\/001_2-0.jpg\" \/>\r\n\t\t<img class=\"thumb\" src=\"https:\/\/www.agriturismo-valentini.it\/wp-content\/uploads\/EasyRotatorStorage\/user-content\/erc_89_1421914426\/content\/assets\/001_2-0.jpg\" \/>\r\n\t<\/li>\r\n<\/ul>\r\n<\/div>\r\n\t<div data-ertype=\"layout\" data-ertemplateName=\"NONE\" style=\"\">\r\n\t\t\r\n\t\t<div class=\"erimgMain\" style=\"position: absolute; left:0;right:0;top:0;bottom:70px;\" data-erConfig=\"{___numTiles:3, scaleMode:'fillArea', imgType:'main', __loopNextButton:false, arrowButtonMode:'rollover'}\">\r\n\t\t\t<div class=\"erimgMain_slides\" style=\"position: absolute; left:0px; top:0; bottom:0; right:0px;\">\r\n\t\t\t\t<div class=\"erimgMain_slide\">\r\n\t\t\t\t\t<div class=\"erimgMain_img\" style=\"position: absolute; left: 0; right: 0; top: 0; bottom: 0;\"><\/div>\r\n\t\t\t\t\t<div class=\"erhideWhenNoText\" style=\"background: #000; background: rgba(0,0,0,0.85); position: absolute; left: 0; right: 0; bottom: 0; padding: 5px; color: #FFF; font-family: Arial; font-size: 12px;\">\r\n\t\t\t\t\t\t<p class=\"erimgMain_title\" style=\"padding: 0; margin: 0 0 3px 0; font-weight: bold;\"><\/p>\r\n\t\t\t\t\t\t<p class=\"erimgMain_desc\" style=\"padding: 0 0 10px 0; margin: 0;\"><\/p>\r\n\t\t\t\t\t<\/div>\r\n\t\t\t\t<\/div>\r\n\t\t\t<\/div>\r\n\t\t\t<div class=\"erimgMain_arrowLeft\" style=\"position:absolute; left: 10px; top: 50%; margin-top: -15px;\" data-erConfig=\"{image:'circleSmall', image2:'circleSmall'}\"><\/div>\r\n\t\t\t<div class=\"erimgMain_arrowRight\" style=\"position:absolute; right: 10px; top: 50%; margin-top: -15px;\"><\/div>\r\n\t\t<\/div>\r\n\t\t<div class=\"erimgMain rotatorTileNav\" style=\"position: absolute; left:0;right:0;bottom:0;height:80px;\" data-erConfig=\"{numTiles:-1, scaleMode:'fillArea', imgType:'thumb', loopNextButton:false, arrowButtonMode:'rollover', __slideLinkEvent:'rollover'}\">\r\n\t\t\t<div style=\"position: absolute; left: 0; top: 10px; right: 0; bottom: 0; background: #FFF;\"><\/div>\r\n\t\t\t<div class=\"erimgMain_slides\" style=\"position: absolute; left:0px; top:0; bottom:0; right:0px;\">\r\n\t\t\t\t<div class=\"erimgMain_slide\">\r\n\t\t\t\t\t<div class=\"erimgMain_img\" style=\"position: absolute; left: 0; right: 0; top: 10px; bottom: 0; margin: 2px 1px;\"><\/div>\r\n\t\t\t\t\t<!-- <div class=\"\" style=\"background: #555; position: absolute; left: 1px; right: 1px; top: 10px; bottom: 0; padding: 5px; color: #FFF; font-family: Arial; font-size: 12px; text-align: center;\">\r\n\t\t\t\t\t\t<p class=\"erimgMain_title\" style=\"padding: 5px; margin: 0 0 3px 0; font-weight: bold;\"><\/p>\r\n\t\t\t\t\t<\/div> -->\r\n\t\t\t\t\t<div class=\"selectionArrow visibleWhenSelected\" style=\"position: absolute; top: 0; left: 50%; margin-left: -10px; width: 20px; height: 10px; background-image: url('https:\/\/easyrotator.s3.amazonaws.com\/1\/i\/rotator\/FFF_arrow10_export.png');\"><\/div>\r\n\t\t\t\t<\/div>\r\n\t\t\t<\/div>\r\n\t\t\t<div class=\"erimgMain_arrowLeft\" style=\"position:absolute; left: 60px; top: 50%; margin-top: -10px;\" data-erConfig=\"{image:'circleSmall', image2:'circleSmall'}\"><\/div>\r\n\t\t\t<div class=\"erimgMain_arrowRight\" style=\"position:absolute; right: 60px; top: 50%; margin-top: -10px;\"><\/div>\r\n\t\t<\/div>\r\n\t\t\t\t\r\n\t\t\r\n\t\t<div class=\"erabout erFixCSS3\" style=\"color: #FFF; text-align: left; background: #000; background:rgba(0,0,0,0.93); border: 2px solid #FFF; padding: 20px; font: normal 11px\/14px Verdana,_sans; width: 300px; border-radius: 10px; display:none;\">\r\n\t\t\tThis jQuery slider was created with the free <a style=\"color:#FFF;\" href=\"#eraboutlink\" target=\"_blank\">EasyRotator for WordPress<\/a> plugin from DWUser.com.\r\n\t\t\t<br \/><br \/>\r\n\t\t\t<a style=\"color:#FFF;\" href=\"#\" class=\"erabout_ok\">OK<\/a>   \r\n\t\t<\/div>\r\n\t\t<noscript>\r\n\t\t\tRotator powered by <strong>EasyRotator for WordPress<\/strong>, a free and easy jQuery slider builder from DWUser.com.  Please enable JavaScript to view. \r\n\t\t<\/noscript>\r\n\t\t<script type=\"text\/javascript\">\/*Avoid IE gzip bug*\/(function(b,c,d){try{if(!b[d]){b[d]=\"temp\";var a=c.createElement(\"script\");a.type=\"text\/javascript\";a.src=\"https:\/\/easyrotator.s3.amazonaws.com\/1\/js\/nozip\/easy_rotator.min.js\";c.getElementsByTagName(\"head\")[0].appendChild(a)}}catch(e){alert(\"EasyRotator fail; contact support.\")}})(window,document,\"er_$144\");<\/script>\r\n\t\r\n\t<\/div>\r\n<\/div>\r\n<!-- End DWUser_EasyRotator -->\r\n\r\n\r\n\r\n<\/div><\/div>\n<p>Podere Fiordaliso wird auf einem Grundst\u00fcck von etwa zwanzig Hektar gelegt. Sechs Hektar Weinbergen besetzen die besten Positionen auf den H\u00fcgeln.<\/p>\n<p>Das Azienda Agricola Valentini produziert Weine in der toskanischen Tradition und die Spezifikation f\u00fcr die DOC Monteregio von Massa Marittima, mit innovativen Techniken, um neue und interessante Weine wie Crebesco, Atunis und Rosato, die ein besonderes Interesse an sowohl dem italienischen Markt und in der internationalen erzeugt vorschlagen.<\/p>\n<p>&nbsp;<\/p>\n<p>Von unserem 1700 Olivenb\u00e4ume wir produzieren auch ein sehr gutes Oliven\u00f6l<\/p>\n<p>&nbsp;<\/p>\n<p>Sie k\u00f6nnen verkosten und kaufen unsere Produkte direkt auf dem Bauernhof !<\/p>\n<\/div>\n<\/div>\n","protected":false},"excerpt":{"rendered":"<p>Unsere Weine \u00a0 Podere Fiordaliso wird auf einem Grundst\u00fcck von etwa zwanzig Hektar gelegt. Sechs Hektar Weinbergen besetzen die besten Positionen auf den H\u00fcgeln. Das Azienda Agricola Valentini produziert Weine in der toskanischen Tradition und die Spezifikation f\u00fcr die DOC Monteregio von Massa Marittima, mit innovativen Techniken, um neue und interessante Weine wie Crebesco, Atunis&#8230;<\/p>\n","protected":false},"author":1,"featured_media":0,"parent":0,"menu_order":0,"comment_status":"open","ping_status":"open","template":"","meta":{"ngg_post_thumbnail":0},"_links":{"self":[{"href":"https:\/\/www.agriturismo-valentini.it\/de\/wp-json\/wp\/v2\/pages\/750"}],"collection":[{"href":"https:\/\/www.agriturismo-valentini.it\/de\/wp-json\/wp\/v2\/pages"}],"about":[{"href":"https:\/\/www.agriturismo-valentini.it\/de\/wp-json\/wp\/v2\/types\/page"}],"author":[{"embeddable":true,"href":"https:\/\/www.agriturismo-valentini.it\/de\/wp-json\/wp\/v2\/users\/1"}],"replies":[{"embeddable":true,"href":"https:\/\/www.agriturismo-valentini.it\/de\/wp-json\/wp\/v2\/comments?post=750"}],"version-history":[{"count":1,"href":"https:\/\/www.agriturismo-valentini.it\/de\/wp-json\/wp\/v2\/pages\/750\/revisions"}],"predecessor-version":[{"id":753,"href":"https:\/\/www.agriturismo-valentini.it\/de\/wp-json\/wp\/v2\/pages\/750\/revisions\/753"}],"wp:attachment":[{"href":"https:\/\/www.agriturismo-valentini.it\/de\/wp-json\/wp\/v2\/media?parent=750"}],"curies":[{"name":"wp","href":"https:\/\/api.w.org\/{rel}","templated":true}]}}